{"id":9450,"date":"2025-09-01T19:34:38","date_gmt":"2025-09-01T17:34:38","guid":{"rendered":"https:\/\/schuetzen-neuenheerse.de\/?page_id=9450"},"modified":"2026-04-02T13:18:32","modified_gmt":"2026-04-02T11:18:32","slug":"jugendarbeit","status":"publish","type":"page","link":"https:\/\/schuetzen-neuenheerse.de\/?page_id=9450","title":{"rendered":"Jugendschie\u00dfen"},"content":{"rendered":"\n<p><\/p>\n\n\n\n<p><\/p>\n\n\n\n<figure class=\"wp-block-image size-large\"><img loading=\"lazy\" decoding=\"async\" width=\"1024\" height=\"831\" src=\"https:\/\/schuetzen-neuenheerse.de\/wp-content\/uploads\/2025\/09\/IMG_6089-scaled-e1756796688527-1024x831.jpg\" alt=\"\" class=\"wp-image-9472\" srcset=\"https:\/\/schuetzen-neuenheerse.de\/wp-content\/uploads\/2025\/09\/IMG_6089-scaled-e1756796688527-1024x831.jpg 1024w, https:\/\/schuetzen-neuenheerse.de\/wp-content\/uploads\/2025\/09\/IMG_6089-scaled-e1756796688527-300x243.jpg 300w, https:\/\/schuetzen-neuenheerse.de\/wp-content\/uploads\/2025\/09\/IMG_6089-scaled-e1756796688527-768x623.jpg 768w, https:\/\/schuetzen-neuenheerse.de\/wp-content\/uploads\/2025\/09\/IMG_6089-scaled-e1756796688527-1536x1246.jpg 1536w, https:\/\/schuetzen-neuenheerse.de\/wp-content\/uploads\/2025\/09\/IMG_6089-scaled-e1756796688527-1320x1071.jpg 1320w, https:\/\/schuetzen-neuenheerse.de\/wp-content\/uploads\/2025\/09\/IMG_6089-scaled-e1756796688527.jpg 1910w\" sizes=\"auto, (max-width: 1024px) 100vw, 1024px\" \/><\/figure>\n\n\n\n<p>Jugendschie\u00dfen in unserer Bruderschaft <\/p>\n\n\n\n<p>Das Jugendschie\u00dfen ist l\u00e4ngst ein fester Bestandteil unserer Bruderschaft und begeistert M\u00e4dchen und Jungen ab 10 Jahren. Im Mittelpunkt steht dabei nat\u00fcrlich das Schie\u00dfen selbst \u2013 mit Konzentration, Teamgeist und Spa\u00df am fairen Wettbewerb.<\/p>\n\n\n\n<p>Dar\u00fcber hinaus gibt es bei uns jede Menge Abwechslung: Das Rahmenprogramm wird mit Spiel, Freude und gro\u00dfem ehrenamtlichem Einsatz gestaltet. Unsere Jugendleiter und Helfer sorgen daf\u00fcr, dass neben dem Training auch Gemeinschaft und gute Laune nicht zu kurz kommen.<\/p>\n\n\n\n<p>Besondere H\u00f6hepunkte sind die gemeinsamen Aktionen zu Anl\u00e4ssen wie Halloween   oder Nikolaus.  Solche Veranstaltungen st\u00e4rken das Miteinander und machen unsere Jugendgruppe zu etwas ganz Besonderem.<\/p>\n\n\n\n<p>Ab 12 Jahren k\u00f6nnen die Jugendlichen au\u00dferdem an Wettk\u00e4mpfen teilnehmen und zeigen, was in ihnen steckt. Dabei geht es nicht nur um gute Ergebnisse, sondern auch darum, Erfahrungen zu sammeln und den Teamgeist zu erleben.<\/p>\n\n\n\n<p>Unser Ziel ist es, junge Menschen \u2013 ob M\u00e4dchen oder Jungen \u2013 an die Traditionen des Sch\u00fctzenwesens heranzuf\u00fchren und sie Schritt f\u00fcr Schritt zu einem festen Teil unserer gro\u00dfen Sch\u00fctzenfamilie zu machen.<\/p>\n\n\n\n<p>\ud83d\udc49 Alle Kinder und Jugendlichen ab 10 Jahren sind herzlich eingeladen,&nbsp;mitzumachen!<\/p>\n\n\n\n<p>Du m\u00f6chtest mehr erfahren? Dein Anrechpartner:<\/p>\n\n\n\n<p>Markus Pastoors: 0171\/ 5 64 87 91<\/p>\n\n\n\n<p> <\/p>\n\n\n\n<p><\/p>\n\n\n\n<p>Unser Team stellt sich vor&nbsp;:<\/p>\n\n\n\n<figure class=\"wp-block-image size-large is-resized\"><img loading=\"lazy\" decoding=\"async\" width=\"767\" height=\"1024\" src=\"https:\/\/schuetzen-neuenheerse.de\/wp-content\/uploads\/2025\/09\/IMG_6062-scaled-e1756798197776-767x1024.jpg\" alt=\"\" class=\"wp-image-9479\" style=\"width:196px;height:auto\" srcset=\"https:\/\/schuetzen-neuenheerse.de\/wp-content\/uploads\/2025\/09\/IMG_6062-scaled-e1756798197776-767x1024.jpg 767w, https:\/\/schuetzen-neuenheerse.de\/wp-content\/uploads\/2025\/09\/IMG_6062-scaled-e1756798197776-225x300.jpg 225w, https:\/\/schuetzen-neuenheerse.de\/wp-content\/uploads\/2025\/09\/IMG_6062-scaled-e1756798197776-768x1025.jpg 768w, https:\/\/schuetzen-neuenheerse.de\/wp-content\/uploads\/2025\/09\/IMG_6062-scaled-e1756798197776.jpg 1135w\" sizes=\"auto, (max-width: 767px) 100vw, 767px\" \/><\/figure>\n\n\n\n<p><strong>Markus Pastoors<\/strong><\/p>\n\n\n\n<ul class=\"wp-block-list\">\n<li>Schie\u00dfmeister  <\/li>\n\n\n\n<li>Jugendschie\u00dfleiter mit Kinder-Pr\u00e4ventionsschulung<\/li>\n<\/ul>\n\n\n\n<p><\/p>\n\n\n\n<figure class=\"wp-block-image size-large is-resized\"><img loading=\"lazy\" decoding=\"async\" width=\"819\" height=\"1024\" src=\"https:\/\/schuetzen-neuenheerse.de\/wp-content\/uploads\/2025\/09\/IMG_6072-scaled-e1756798267133-819x1024.jpg\" alt=\"\" class=\"wp-image-9481\" style=\"width:203px;height:auto\" srcset=\"https:\/\/schuetzen-neuenheerse.de\/wp-content\/uploads\/2025\/09\/IMG_6072-scaled-e1756798267133-819x1024.jpg 819w, https:\/\/schuetzen-neuenheerse.de\/wp-content\/uploads\/2025\/09\/IMG_6072-scaled-e1756798267133-240x300.jpg 240w, https:\/\/schuetzen-neuenheerse.de\/wp-content\/uploads\/2025\/09\/IMG_6072-scaled-e1756798267133-768x960.jpg 768w, https:\/\/schuetzen-neuenheerse.de\/wp-content\/uploads\/2025\/09\/IMG_6072-scaled-e1756798267133.jpg 1140w\" sizes=\"auto, (max-width: 819px) 100vw, 819px\" \/><\/figure>\n\n\n\n<p><strong>Manuel Schr\u00f6ter<\/strong><\/p>\n\n\n\n<ul class=\"wp-block-list\">\n<li>Fahnenoffizier Unterdorf  <\/li>\n\n\n\n<li>Jugendschie\u00dfleiter mit Kinder-Pr\u00e4ventionsschulung<\/li>\n<\/ul>\n\n\n\n<figure class=\"wp-block-image size-large is-resized\"><img loading=\"lazy\" decoding=\"async\" width=\"868\" height=\"1024\" src=\"https:\/\/schuetzen-neuenheerse.de\/wp-content\/uploads\/2025\/09\/IMG_6069-scaled-e1756798326931-868x1024.jpg\" alt=\"\" class=\"wp-image-9480\" style=\"width:207px;height:auto\" srcset=\"https:\/\/schuetzen-neuenheerse.de\/wp-content\/uploads\/2025\/09\/IMG_6069-scaled-e1756798326931-868x1024.jpg 868w, https:\/\/schuetzen-neuenheerse.de\/wp-content\/uploads\/2025\/09\/IMG_6069-scaled-e1756798326931-254x300.jpg 254w, https:\/\/schuetzen-neuenheerse.de\/wp-content\/uploads\/2025\/09\/IMG_6069-scaled-e1756798326931-768x906.jpg 768w, https:\/\/schuetzen-neuenheerse.de\/wp-content\/uploads\/2025\/09\/IMG_6069-scaled-e1756798326931.jpg 1143w\" sizes=\"auto, (max-width: 868px) 100vw, 868px\" \/><\/figure>\n\n\n\n<p><strong>Marc Rustemeier<\/strong><\/p>\n\n\n\n<ul class=\"wp-block-list\">\n<li>Fahnenoffizier Oberdorf  <\/li>\n\n\n\n<li>Jugendschie\u00dfleiter mit Kinder-Pr\u00e4ventionsschulung<\/li>\n<\/ul>\n\n\n\n<figure class=\"wp-block-image size-large is-resized\"><img loading=\"lazy\" decoding=\"async\" width=\"755\" height=\"1024\" src=\"https:\/\/schuetzen-neuenheerse.de\/wp-content\/uploads\/2025\/09\/IMG_6058-scaled-e1756798217428-755x1024.jpg\" alt=\"\" class=\"wp-image-9478\" style=\"width:203px;height:auto\" srcset=\"https:\/\/schuetzen-neuenheerse.de\/wp-content\/uploads\/2025\/09\/IMG_6058-scaled-e1756798217428-755x1024.jpg 755w, https:\/\/schuetzen-neuenheerse.de\/wp-content\/uploads\/2025\/09\/IMG_6058-scaled-e1756798217428-221x300.jpg 221w, https:\/\/schuetzen-neuenheerse.de\/wp-content\/uploads\/2025\/09\/IMG_6058-scaled-e1756798217428-768x1042.jpg 768w, https:\/\/schuetzen-neuenheerse.de\/wp-content\/uploads\/2025\/09\/IMG_6058-scaled-e1756798217428-1132x1536.jpg 1132w, https:\/\/schuetzen-neuenheerse.de\/wp-content\/uploads\/2025\/09\/IMG_6058-scaled-e1756798217428.jpg 1216w\" sizes=\"auto, (max-width: 755px) 100vw, 755px\" \/><\/figure>\n\n\n\n<p><strong>Maria Pastoors<\/strong><\/p>\n\n\n\n<ul class=\"wp-block-list\">\n<li>Jugendgruppenleiterin mit Kinder-Pr\u00e4ventionsschulung<\/li>\n<\/ul>\n\n\n\n<figure class=\"wp-block-image size-large is-resized\"><img loading=\"lazy\" decoding=\"async\" width=\"789\" height=\"1024\" src=\"https:\/\/schuetzen-neuenheerse.de\/wp-content\/uploads\/2025\/09\/IMG_6076-scaled-e1756798244674-789x1024.jpg\" alt=\"\" class=\"wp-image-9482\" style=\"width:205px;height:auto\" srcset=\"https:\/\/schuetzen-neuenheerse.de\/wp-content\/uploads\/2025\/09\/IMG_6076-scaled-e1756798244674-789x1024.jpg 789w, https:\/\/schuetzen-neuenheerse.de\/wp-content\/uploads\/2025\/09\/IMG_6076-scaled-e1756798244674-231x300.jpg 231w, https:\/\/schuetzen-neuenheerse.de\/wp-content\/uploads\/2025\/09\/IMG_6076-scaled-e1756798244674-768x997.jpg 768w, https:\/\/schuetzen-neuenheerse.de\/wp-content\/uploads\/2025\/09\/IMG_6076-scaled-e1756798244674-1184x1536.jpg 1184w, https:\/\/schuetzen-neuenheerse.de\/wp-content\/uploads\/2025\/09\/IMG_6076-scaled-e1756798244674.jpg 1233w\" sizes=\"auto, (max-width: 789px) 100vw, 789px\" \/><\/figure>\n\n\n\n<p><strong>Valerie Schr\u00f6ter<\/strong><\/p>\n\n\n\n<ul class=\"wp-block-list\">\n<li>Jugendgruppenleiterin mit Kinder-Pr\u00e4ventionsschulung<\/li>\n<\/ul>\n\n\n\n<figure class=\"wp-block-image size-large is-resized\"><img loading=\"lazy\" decoding=\"async\" width=\"818\" height=\"1024\" src=\"https:\/\/schuetzen-neuenheerse.de\/wp-content\/uploads\/2025\/09\/IMG_6043-scaled-e1756798305854-818x1024.jpg\" alt=\"\" class=\"wp-image-9476\" style=\"width:207px;height:auto\" srcset=\"https:\/\/schuetzen-neuenheerse.de\/wp-content\/uploads\/2025\/09\/IMG_6043-scaled-e1756798305854-818x1024.jpg 818w, https:\/\/schuetzen-neuenheerse.de\/wp-content\/uploads\/2025\/09\/IMG_6043-scaled-e1756798305854-240x300.jpg 240w, https:\/\/schuetzen-neuenheerse.de\/wp-content\/uploads\/2025\/09\/IMG_6043-scaled-e1756798305854-768x962.jpg 768w, https:\/\/schuetzen-neuenheerse.de\/wp-content\/uploads\/2025\/09\/IMG_6043-scaled-e1756798305854-1226x1536.jpg 1226w, https:\/\/schuetzen-neuenheerse.de\/wp-content\/uploads\/2025\/09\/IMG_6043-scaled-e1756798305854.jpg 1267w\" sizes=\"auto, (max-width: 818px) 100vw, 818px\" \/><\/figure>\n\n\n\n<p><strong>Jana-Jolin Garbowsky<\/strong><\/p>\n\n\n\n<ul class=\"wp-block-list\">\n<li>Jugendgruppenleiterin mit Kinder-Pr\u00e4ventionsschulung<\/li>\n<\/ul>\n\n\n\n<figure class=\"wp-block-image size-large is-resized\"><img loading=\"lazy\" decoding=\"async\" width=\"780\" height=\"1024\" src=\"https:\/\/schuetzen-neuenheerse.de\/wp-content\/uploads\/2025\/09\/IMG_6054-scaled-e1756798288964-780x1024.jpg\" alt=\"\" class=\"wp-image-9477\" style=\"width:198px;height:auto\" srcset=\"https:\/\/schuetzen-neuenheerse.de\/wp-content\/uploads\/2025\/09\/IMG_6054-scaled-e1756798288964-780x1024.jpg 780w, https:\/\/schuetzen-neuenheerse.de\/wp-content\/uploads\/2025\/09\/IMG_6054-scaled-e1756798288964-228x300.jpg 228w, https:\/\/schuetzen-neuenheerse.de\/wp-content\/uploads\/2025\/09\/IMG_6054-scaled-e1756798288964-768x1009.jpg 768w, https:\/\/schuetzen-neuenheerse.de\/wp-content\/uploads\/2025\/09\/IMG_6054-scaled-e1756798288964-1170x1536.jpg 1170w, https:\/\/schuetzen-neuenheerse.de\/wp-content\/uploads\/2025\/09\/IMG_6054-scaled-e1756798288964.jpg 1293w\" sizes=\"auto, (max-width: 780px) 100vw, 780px\" \/><\/figure>\n\n\n\n<p><strong>Carina Macho <\/strong><\/p>\n\n\n\n<ul class=\"wp-block-list\">\n<li>Jugendgruppenleiterin mit Kinder-Pr\u00e4ventionsschulung<\/li>\n<\/ul>\n\n\n\n<p><\/p>\n\n\n\n<p class=\"has-x-large-font-size\">Downloads<\/p>\n\n\n\n<p><a href=\"https:\/\/schuetzen-neuenheerse.de\/wp-content\/uploads\/2026\/01\/Einverstaendniserklaerung-\u00a727-1.pdf\">Einverst\u00e4ndsniserkl\u00e4rung<\/a><\/p>\n\n\n\n<p><\/p>\n","protected":false},"excerpt":{"rendered":"<p>Jugendschie\u00dfen in unserer Bruderschaft Das Jugendschie\u00dfen ist l\u00e4ngst ein fester Bestandteil unserer Bruderschaft und begeistert M\u00e4dchen und Jungen ab 10 Jahren. Im Mittelpunkt steht dabei nat\u00fcrlich das Schie\u00dfen selbst \u2013 mit Konzentration, Teamgeist und Spa\u00df am fairen Wettbewerb. Dar\u00fcber hinaus gibt es bei uns jede Menge Abwechslung: Das Rahmenprogramm wird mit Spiel, Freude und gro\u00dfem &hellip; <a href=\"https:\/\/schuetzen-neuenheerse.de\/?page_id=9450\" class=\"more-link\"><span class=\"screen-reader-text\">Jugendschie\u00dfen<\/span> weiterlesen <span class=\"meta-nav\">&rarr;<\/span><\/a><\/p>\n","protected":false},"author":1,"featured_media":0,"parent":0,"menu_order":0,"comment_status":"closed","ping_status":"closed","template":"","meta":{"footnotes":""},"class_list":["post-9450","page","type-page","status-publish","hentry"],"_links":{"self":[{"href":"https:\/\/schuetzen-neuenheerse.de\/index.php?rest_route=\/wp\/v2\/pages\/9450","targetHints":{"allow":["GET"]}}],"collection":[{"href":"https:\/\/schuetzen-neuenheerse.de\/index.php?rest_route=\/wp\/v2\/pages"}],"about":[{"href":"https:\/\/schuetzen-neuenheerse.de\/index.php?rest_route=\/wp\/v2\/types\/page"}],"author":[{"embeddable":true,"href":"https:\/\/schuetzen-neuenheerse.de\/index.php?rest_route=\/wp\/v2\/users\/1"}],"replies":[{"embeddable":true,"href":"https:\/\/schuetzen-neuenheerse.de\/index.php?rest_route=%2Fwp%2Fv2%2Fcomments&post=9450"}],"version-history":[{"count":18,"href":"https:\/\/schuetzen-neuenheerse.de\/index.php?rest_route=\/wp\/v2\/pages\/9450\/revisions"}],"predecessor-version":[{"id":10316,"href":"https:\/\/schuetzen-neuenheerse.de\/index.php?rest_route=\/wp\/v2\/pages\/9450\/revisions\/10316"}],"wp:attachment":[{"href":"https:\/\/schuetzen-neuenheerse.de\/index.php?rest_route=%2Fwp%2Fv2%2Fmedia&parent=9450"}],"curies":[{"name":"wp","href":"https:\/\/api.w.org\/{rel}","templated":true}]}}