{"id":82,"date":"2016-11-27T16:30:29","date_gmt":"2016-11-27T15:30:29","guid":{"rendered":"http:\/\/www.schuetzen-neuenheerse.de\/?page_id=82"},"modified":"2025-08-23T15:45:35","modified_gmt":"2025-08-23T13:45:35","slug":"praeses-ahnentafel","status":"publish","type":"page","link":"https:\/\/schuetzen-neuenheerse.de\/?page_id=82","title":{"rendered":"Pr\u00e4ses (Ahnentafel)"},"content":{"rendered":"<div id=\"widget-43ce2a6e-bd6b-48f3-8d31-79b0257c7380\" class=\"widget widget-pagecontent \">\n<div class=\"widget-content\">\n<div id=\"widget-6bb078f8-ef41-46f0-8d4a-bae9b006b13e\" class=\"widget widget-text \">\n<div class=\"widget-content\">\n<h2>Unsere Pr\u00e4ses seit 1948 in der \u00dcbersicht<\/h2>\n<\/div>\n<\/div>\n<div id=\"widget-8592a26b-b752-1e69-0e14-c58def67f43b\" class=\"widget widget-text \">\n<div class=\"widget-content\">\n<p align=\"center\">\n<\/div>\n<\/div>\n<p style=\"text-align: center;\" align=\"center\"><img loading=\"lazy\" decoding=\"async\" class=\"alignnone wp-image-9445 \" src=\"https:\/\/schuetzen-neuenheerse.de\/wp-content\/uploads\/2025\/08\/IMG_4534-scaled-e1755956703931-859x1024.jpg\" alt=\"\" width=\"160\" height=\"191\" srcset=\"https:\/\/schuetzen-neuenheerse.de\/wp-content\/uploads\/2025\/08\/IMG_4534-scaled-e1755956703931-859x1024.jpg 859w, https:\/\/schuetzen-neuenheerse.de\/wp-content\/uploads\/2025\/08\/IMG_4534-scaled-e1755956703931-252x300.jpg 252w, https:\/\/schuetzen-neuenheerse.de\/wp-content\/uploads\/2025\/08\/IMG_4534-scaled-e1755956703931-768x916.jpg 768w, https:\/\/schuetzen-neuenheerse.de\/wp-content\/uploads\/2025\/08\/IMG_4534-scaled-e1755956703931-1288x1536.jpg 1288w, https:\/\/schuetzen-neuenheerse.de\/wp-content\/uploads\/2025\/08\/IMG_4534-scaled-e1755956703931.jpg 1300w\" sizes=\"auto, (max-width: 160px) 100vw, 160px\" \/><\/p>\n<p align=\"center\">Pfarrer Matthias Klauke<\/p>\n<div id=\"widget-8592a26b-b752-1e69-0e14-c58def67f43b\" class=\"widget widget-text \">\n<div class=\"widget-content\">\n<p style=\"text-align: center;\" align=\"center\"><img loading=\"lazy\" decoding=\"async\" class=\"aligncenter wp-image-2206 size-full\" src=\"https:\/\/schuetzen-neuenheerse.de\/wp-content\/uploads\/2016\/11\/Rath-1.jpg\" alt=\"Rath\" width=\"150\" height=\"208\" \/><\/p>\n<p style=\"text-align: center;\" align=\"center\"><strong>Pr\u00e4ses Hubertus Rath von 2008 bis April 2025<\/strong><\/p>\n<p style=\"text-align: center;\" align=\"center\">***<\/p>\n<p style=\"text-align: center;\" align=\"center\"><img loading=\"lazy\" decoding=\"async\" class=\"alignnone wp-image-2207 size-full\" src=\"https:\/\/schuetzen-neuenheerse.de\/wp-content\/uploads\/2016\/11\/Schneider-1.jpg\" alt=\"Schneider\" width=\"150\" height=\"160\" \/><\/p>\n<p style=\"text-align: center;\" align=\"center\">Pr\u00e4ses Berthold Schneider von 2003 bis 2008<\/p>\n<p style=\"text-align: center;\" align=\"center\">***<\/p>\n<p style=\"text-align: center;\" align=\"center\"><img loading=\"lazy\" decoding=\"async\" class=\"alignnone wp-image-2205 size-medium\" src=\"https:\/\/schuetzen-neuenheerse.de\/wp-content\/uploads\/2016\/11\/Wunram-1-197x300.jpg\" alt=\"Wunram\" width=\"197\" height=\"300\" srcset=\"https:\/\/schuetzen-neuenheerse.de\/wp-content\/uploads\/2016\/11\/Wunram-1-197x300.jpg 197w, https:\/\/schuetzen-neuenheerse.de\/wp-content\/uploads\/2016\/11\/Wunram-1.jpg 200w\" sizes=\"auto, (max-width: 197px) 100vw, 197px\" \/><\/p>\n<p style=\"text-align: center;\" align=\"center\">Pr\u00e4ses Thomas Wunram 1996 bis 2003<\/p>\n<p style=\"text-align: center;\" align=\"center\">***<\/p>\n<p style=\"text-align: center;\" align=\"center\"><img loading=\"lazy\" decoding=\"async\" class=\"alignnone wp-image-2208 size-full\" src=\"https:\/\/schuetzen-neuenheerse.de\/wp-content\/uploads\/2016\/11\/Czernatowicz-1.jpg\" alt=\"Czernatowicz\" width=\"250\" height=\"196\" \/><\/p>\n<p style=\"text-align: center;\" align=\"center\">Pr\u00e4ses Wojtek Czernatowicz von 1995 bis 1996<\/p>\n<p style=\"text-align: center;\" align=\"center\">***<\/p>\n<p style=\"text-align: center;\" align=\"center\"><img loading=\"lazy\" decoding=\"async\" class=\"alignnone wp-image-2209 size-full\" src=\"https:\/\/schuetzen-neuenheerse.de\/wp-content\/uploads\/2016\/11\/Klingele-1.jpg\" alt=\"Klingele\" width=\"196\" height=\"274\" \/><\/p>\n<p style=\"text-align: center;\" align=\"center\">Pr\u00e4ses Josef Klingele von 1992 bis 1995<\/p>\n<p style=\"text-align: center;\" align=\"center\">***<\/p>\n<p style=\"text-align: center;\" align=\"center\"><img loading=\"lazy\" decoding=\"async\" class=\"alignnone wp-image-2210 size-full\" src=\"https:\/\/schuetzen-neuenheerse.de\/wp-content\/uploads\/2016\/11\/Giesers-1.jpg\" alt=\"Giesers\" width=\"300\" height=\"201\" \/><\/p>\n<p style=\"text-align: center;\" align=\"center\">Pr\u00e4ses Helmut Giesers 1977 bis 1992<\/p>\n<p style=\"text-align: center;\" align=\"center\">***<\/p>\n<p style=\"text-align: center;\" align=\"center\"><img loading=\"lazy\" decoding=\"async\" class=\"alignnone wp-image-2211 size-full\" src=\"https:\/\/schuetzen-neuenheerse.de\/wp-content\/uploads\/2016\/11\/Grundmann-1.jpg\" alt=\"Grundmann\" width=\"300\" height=\"470\" srcset=\"https:\/\/schuetzen-neuenheerse.de\/wp-content\/uploads\/2016\/11\/Grundmann-1.jpg 300w, https:\/\/schuetzen-neuenheerse.de\/wp-content\/uploads\/2016\/11\/Grundmann-1-191x300.jpg 191w\" sizes=\"auto, (max-width: 300px) 100vw, 300px\" \/><\/p>\n<p style=\"text-align: center;\" align=\"center\">Pr\u00e4ses Wilhelm Grundmann von 1958 bis 1977<\/p>\n<p style=\"text-align: center;\" align=\"center\">***<\/p>\n<p style=\"text-align: center;\" align=\"center\"><img loading=\"lazy\" decoding=\"async\" class=\"alignnone wp-image-2212 size-full\" src=\"https:\/\/schuetzen-neuenheerse.de\/wp-content\/uploads\/2016\/11\/Loecker-1.jpg\" alt=\"Loecker\" width=\"350\" height=\"227\" srcset=\"https:\/\/schuetzen-neuenheerse.de\/wp-content\/uploads\/2016\/11\/Loecker-1.jpg 350w, https:\/\/schuetzen-neuenheerse.de\/wp-content\/uploads\/2016\/11\/Loecker-1-300x195.jpg 300w\" sizes=\"auto, (max-width: 350px) 100vw, 350px\" \/><\/p>\n<p style=\"text-align: center;\" align=\"center\">Pr\u00e4ses Josef L\u00f6cker von 1952 bis 1958<\/p>\n<p style=\"text-align: center;\" align=\"center\">***<\/p>\n<p style=\"text-align: center;\" align=\"center\"><img loading=\"lazy\" decoding=\"async\" class=\"alignnone wp-image-2203 size-medium\" src=\"https:\/\/schuetzen-neuenheerse.de\/wp-content\/uploads\/2016\/11\/Struckmann-1-199x300.jpg\" alt=\"Struckmann\" width=\"199\" height=\"300\" srcset=\"https:\/\/schuetzen-neuenheerse.de\/wp-content\/uploads\/2016\/11\/Struckmann-1-199x300.jpg 199w, https:\/\/schuetzen-neuenheerse.de\/wp-content\/uploads\/2016\/11\/Struckmann-1.jpg 350w\" sizes=\"auto, (max-width: 199px) 100vw, 199px\" \/><\/p>\n<p style=\"text-align: center;\" align=\"center\">Pr\u00e4ses Ludwig Struckmann von 1948 bis 1951<\/p>\n<\/div>\n<\/div>\n<\/div>\n<\/div>\n","protected":false},"excerpt":{"rendered":"<p>Unsere Pr\u00e4ses seit 1948 in der \u00dcbersicht Pfarrer Matthias Klauke Pr\u00e4ses Hubertus Rath von 2008 bis April 2025 *** Pr\u00e4ses Berthold Schneider von 2003 bis 2008 *** Pr\u00e4ses Thomas Wunram 1996 bis 2003 *** Pr\u00e4ses Wojtek Czernatowicz von 1995 bis 1996 *** Pr\u00e4ses Josef Klingele von 1992 bis 1995 *** Pr\u00e4ses Helmut Giesers 1977 bis &hellip; <a href=\"https:\/\/schuetzen-neuenheerse.de\/?page_id=82\" class=\"more-link\"><span class=\"screen-reader-text\">Pr\u00e4ses (Ahnentafel)<\/span> weiterlesen <span class=\"meta-nav\">&rarr;<\/span><\/a><\/p>\n","protected":false},"author":1,"featured_media":0,"parent":0,"menu_order":0,"comment_status":"closed","ping_status":"closed","template":"","meta":{"footnotes":""},"class_list":["post-82","page","type-page","status-publish","hentry"],"_links":{"self":[{"href":"https:\/\/schuetzen-neuenheerse.de\/index.php?rest_route=\/wp\/v2\/pages\/82","targetHints":{"allow":["GET"]}}],"collection":[{"href":"https:\/\/schuetzen-neuenheerse.de\/index.php?rest_route=\/wp\/v2\/pages"}],"about":[{"href":"https:\/\/schuetzen-neuenheerse.de\/index.php?rest_route=\/wp\/v2\/types\/page"}],"author":[{"embeddable":true,"href":"https:\/\/schuetzen-neuenheerse.de\/index.php?rest_route=\/wp\/v2\/users\/1"}],"replies":[{"embeddable":true,"href":"https:\/\/schuetzen-neuenheerse.de\/index.php?rest_route=%2Fwp%2Fv2%2Fcomments&post=82"}],"version-history":[{"count":4,"href":"https:\/\/schuetzen-neuenheerse.de\/index.php?rest_route=\/wp\/v2\/pages\/82\/revisions"}],"predecessor-version":[{"id":9447,"href":"https:\/\/schuetzen-neuenheerse.de\/index.php?rest_route=\/wp\/v2\/pages\/82\/revisions\/9447"}],"wp:attachment":[{"href":"https:\/\/schuetzen-neuenheerse.de\/index.php?rest_route=%2Fwp%2Fv2%2Fmedia&parent=82"}],"curies":[{"name":"wp","href":"https:\/\/api.w.org\/{rel}","templated":true}]}}