{"id":3693,"date":"2019-07-10T10:14:33","date_gmt":"2019-07-10T08:14:33","guid":{"rendered":"http:\/\/www.schuetzen-neuenheerse.de\/?page_id=3693"},"modified":"2023-07-30T16:50:45","modified_gmt":"2023-07-30T14:50:45","slug":"jubilaeumskoenigspaare-2019","status":"publish","type":"page","link":"https:\/\/schuetzen-neuenheerse.de\/?page_id=3693","title":{"rendered":"Jubil\u00e4umsk\u00f6nigspaare 2023"},"content":{"rendered":"<div class=\"\" data-block=\"true\" data-editor=\"2anl6\" data-offset-key=\"9k6r6-0-0\">\n<h5><strong>25 Jahre \u2013 1998 <\/strong><strong>K\u00f6nigspaar Monika und Martin Knorrenschild <\/strong><strong>mit Soraya Schulze (Knorrenschild) und Timo Stork<\/strong><\/h5>\n<p><img loading=\"lazy\" decoding=\"async\" class=\"alignnone wp-image-7021 size-full\" src=\"https:\/\/schuetzen-neuenheerse.de\/wp-content\/uploads\/2023\/07\/67-scaled.jpg\" sizes=\"auto, (max-width: 1679px) 100vw, 1679px\" srcset=\"https:\/\/schuetzen-neuenheerse.de\/wp-content\/uploads\/2023\/07\/67-scaled.jpg 1679w, https:\/\/schuetzen-neuenheerse.de\/wp-content\/uploads\/2023\/07\/67-197x300.jpg 197w, https:\/\/schuetzen-neuenheerse.de\/wp-content\/uploads\/2023\/07\/67-672x1024.jpg 672w, https:\/\/schuetzen-neuenheerse.de\/wp-content\/uploads\/2023\/07\/67-768x1171.jpg 768w, https:\/\/schuetzen-neuenheerse.de\/wp-content\/uploads\/2023\/07\/67-1007x1536.jpg 1007w, https:\/\/schuetzen-neuenheerse.de\/wp-content\/uploads\/2023\/07\/67-1343x2048.jpg 1343w, https:\/\/schuetzen-neuenheerse.de\/wp-content\/uploads\/2023\/07\/67-1320x2013.jpg 1320w\" alt=\"\" width=\"1679\" height=\"2560\" \/><\/p>\n<p><a href=\"https:\/\/schuetzen-neuenheerse.de\/?page_id=6772\">Hier gehts zur Fotogalerie von 1998<\/a><\/p>\n<p><strong>40 Jahre \u2013 1983, K\u00f6nigspaar Hildegard und Heinrich Stork<\/strong><\/p>\n<p><img loading=\"lazy\" decoding=\"async\" class=\"alignnone wp-image-7136 size-full\" src=\"https:\/\/schuetzen-neuenheerse.de\/wp-content\/uploads\/2023\/07\/40-Jahre-Hildegard-und-Heinrich-Stork-scaled.jpg\" sizes=\"auto, (max-width: 1680px) 100vw, 1680px\" srcset=\"https:\/\/schuetzen-neuenheerse.de\/wp-content\/uploads\/2023\/07\/40-Jahre-Hildegard-und-Heinrich-Stork-scaled.jpg 1680w, https:\/\/schuetzen-neuenheerse.de\/wp-content\/uploads\/2023\/07\/40-Jahre-Hildegard-und-Heinrich-Stork-197x300.jpg 197w, https:\/\/schuetzen-neuenheerse.de\/wp-content\/uploads\/2023\/07\/40-Jahre-Hildegard-und-Heinrich-Stork-672x1024.jpg 672w, https:\/\/schuetzen-neuenheerse.de\/wp-content\/uploads\/2023\/07\/40-Jahre-Hildegard-und-Heinrich-Stork-768x1170.jpg 768w, https:\/\/schuetzen-neuenheerse.de\/wp-content\/uploads\/2023\/07\/40-Jahre-Hildegard-und-Heinrich-Stork-1008x1536.jpg 1008w, https:\/\/schuetzen-neuenheerse.de\/wp-content\/uploads\/2023\/07\/40-Jahre-Hildegard-und-Heinrich-Stork-1344x2048.jpg 1344w, https:\/\/schuetzen-neuenheerse.de\/wp-content\/uploads\/2023\/07\/40-Jahre-Hildegard-und-Heinrich-Stork-1320x2011.jpg 1320w\" alt=\"\" width=\"1680\" height=\"2560\" \/><\/p>\n<p><a href=\"https:\/\/schuetzen-neuenheerse.de\/?page_id=6782\">Hier gehts zur Fotogalerie von 1983<\/a><\/p>\n<h4><strong>50 Jahre -1973, K\u00f6nigspaar Gerda Eschenberg und Josef G\u00f6hn<\/strong><\/h4>\n<p><img loading=\"lazy\" decoding=\"async\" class=\"alignnone wp-image-7064 size-large\" src=\"https:\/\/schuetzen-neuenheerse.de\/wp-content\/uploads\/2023\/07\/1973-1-734x1024.jpg\" sizes=\"auto, (max-width: 474px) 100vw, 474px\" srcset=\"https:\/\/schuetzen-neuenheerse.de\/wp-content\/uploads\/2023\/07\/1973-1-734x1024.jpg 734w, https:\/\/schuetzen-neuenheerse.de\/wp-content\/uploads\/2023\/07\/1973-1-215x300.jpg 215w, https:\/\/schuetzen-neuenheerse.de\/wp-content\/uploads\/2023\/07\/1973-1-768x1071.jpg 768w, https:\/\/schuetzen-neuenheerse.de\/wp-content\/uploads\/2023\/07\/1973-1-1101x1536.jpg 1101w, https:\/\/schuetzen-neuenheerse.de\/wp-content\/uploads\/2023\/07\/1973-1-1468x2048.jpg 1468w, https:\/\/schuetzen-neuenheerse.de\/wp-content\/uploads\/2023\/07\/1973-1-1320x1841.jpg 1320w, https:\/\/schuetzen-neuenheerse.de\/wp-content\/uploads\/2023\/07\/1973-1-scaled.jpg 1835w\" alt=\"\" width=\"474\" height=\"661\" \/><\/p>\n<p><a href=\"https:\/\/schuetzen-neuenheerse.de\/?page_id=6781\">Hier gehts zur Fotogalerie von 1973<\/a><\/p>\n<h4>60 Jahre \u2013 1963, Wilma Sievers und Karl Schwarze<\/h4>\n<p><img loading=\"lazy\" decoding=\"async\" class=\"alignnone wp-image-7118 size-large\" src=\"https:\/\/schuetzen-neuenheerse.de\/wp-content\/uploads\/2023\/07\/26-4-644x1024.jpg\" sizes=\"auto, (max-width: 474px) 100vw, 474px\" srcset=\"https:\/\/schuetzen-neuenheerse.de\/wp-content\/uploads\/2023\/07\/26-4-644x1024.jpg 644w, https:\/\/schuetzen-neuenheerse.de\/wp-content\/uploads\/2023\/07\/26-4-189x300.jpg 189w, https:\/\/schuetzen-neuenheerse.de\/wp-content\/uploads\/2023\/07\/26-4-768x1221.jpg 768w, https:\/\/schuetzen-neuenheerse.de\/wp-content\/uploads\/2023\/07\/26-4-966x1536.jpg 966w, https:\/\/schuetzen-neuenheerse.de\/wp-content\/uploads\/2023\/07\/26-4-1288x2048.jpg 1288w, https:\/\/schuetzen-neuenheerse.de\/wp-content\/uploads\/2023\/07\/26-4-1320x2099.jpg 1320w, https:\/\/schuetzen-neuenheerse.de\/wp-content\/uploads\/2023\/07\/26-4-scaled.jpg 1610w\" alt=\"\" width=\"474\" height=\"754\" \/><\/p>\n<p><a href=\"https:\/\/schuetzen-neuenheerse.de\/?page_id=6779\">Hier gehts zur Fotogalerie von 1963<\/a><\/p>\n<h4>70 Jahre \u2013 1953, K\u00f6nigspaar Jubelfest Anna Knorrenschild und Wilhelm Arens<\/h4>\n<p><img loading=\"lazy\" decoding=\"async\" class=\"alignnone wp-image-7137 size-full\" src=\"https:\/\/schuetzen-neuenheerse.de\/wp-content\/uploads\/2023\/07\/70-Jahre-Anna-Knorrenschild-und-Wilhem-Arens-scaled.jpg\" sizes=\"auto, (max-width: 1683px) 100vw, 1683px\" srcset=\"https:\/\/schuetzen-neuenheerse.de\/wp-content\/uploads\/2023\/07\/70-Jahre-Anna-Knorrenschild-und-Wilhem-Arens-scaled.jpg 1683w, https:\/\/schuetzen-neuenheerse.de\/wp-content\/uploads\/2023\/07\/70-Jahre-Anna-Knorrenschild-und-Wilhem-Arens-197x300.jpg 197w, https:\/\/schuetzen-neuenheerse.de\/wp-content\/uploads\/2023\/07\/70-Jahre-Anna-Knorrenschild-und-Wilhem-Arens-673x1024.jpg 673w, https:\/\/schuetzen-neuenheerse.de\/wp-content\/uploads\/2023\/07\/70-Jahre-Anna-Knorrenschild-und-Wilhem-Arens-768x1168.jpg 768w, https:\/\/schuetzen-neuenheerse.de\/wp-content\/uploads\/2023\/07\/70-Jahre-Anna-Knorrenschild-und-Wilhem-Arens-1010x1536.jpg 1010w, https:\/\/schuetzen-neuenheerse.de\/wp-content\/uploads\/2023\/07\/70-Jahre-Anna-Knorrenschild-und-Wilhem-Arens-1347x2048.jpg 1347w, https:\/\/schuetzen-neuenheerse.de\/wp-content\/uploads\/2023\/07\/70-Jahre-Anna-Knorrenschild-und-Wilhem-Arens-1320x2008.jpg 1320w\" alt=\"\" width=\"1683\" height=\"2560\" \/><\/p>\n<\/div>\n<h4>70 Jahre \u2013 1953, Jungsch\u00fctzenk\u00f6nigspaar Anna Rohde und Josef G\u00f6hn<\/h4>\n<div class=\"\" data-block=\"true\" data-editor=\"2anl6\" data-offset-key=\"9k6r6-0-0\">\n<p><img loading=\"lazy\" decoding=\"async\" class=\"alignnone wp-image-7138 size-full\" src=\"https:\/\/schuetzen-neuenheerse.de\/wp-content\/uploads\/2023\/07\/70-Jahre-Jungschuetzenkoenigspaar-Anna-Rohde-und-Josef-Goehn.jpg\" sizes=\"auto, (max-width: 1721px) 100vw, 1721px\" srcset=\"https:\/\/schuetzen-neuenheerse.de\/wp-content\/uploads\/2023\/07\/70-Jahre-Jungschuetzenkoenigspaar-Anna-Rohde-und-Josef-Goehn.jpg 1721w, https:\/\/schuetzen-neuenheerse.de\/wp-content\/uploads\/2023\/07\/70-Jahre-Jungschuetzenkoenigspaar-Anna-Rohde-und-Josef-Goehn-219x300.jpg 219w, https:\/\/schuetzen-neuenheerse.de\/wp-content\/uploads\/2023\/07\/70-Jahre-Jungschuetzenkoenigspaar-Anna-Rohde-und-Josef-Goehn-746x1024.jpg 746w, https:\/\/schuetzen-neuenheerse.de\/wp-content\/uploads\/2023\/07\/70-Jahre-Jungschuetzenkoenigspaar-Anna-Rohde-und-Josef-Goehn-768x1054.jpg 768w, https:\/\/schuetzen-neuenheerse.de\/wp-content\/uploads\/2023\/07\/70-Jahre-Jungschuetzenkoenigspaar-Anna-Rohde-und-Josef-Goehn-1120x1536.jpg 1120w, https:\/\/schuetzen-neuenheerse.de\/wp-content\/uploads\/2023\/07\/70-Jahre-Jungschuetzenkoenigspaar-Anna-Rohde-und-Josef-Goehn-1493x2048.jpg 1493w, https:\/\/schuetzen-neuenheerse.de\/wp-content\/uploads\/2023\/07\/70-Jahre-Jungschuetzenkoenigspaar-Anna-Rohde-und-Josef-Goehn-1320x1811.jpg 1320w\" alt=\"\" width=\"1721\" height=\"2361\" \/><\/p>\n<p><a href=\"https:\/\/schuetzen-neuenheerse.de\/?page_id=7141\">Hier gehts zur Fotogalerie von 1953<\/a><\/p>\n<\/div>\n","protected":false},"excerpt":{"rendered":"<p>25 Jahre \u2013 1998 K\u00f6nigspaar Monika und Martin Knorrenschild mit Soraya Schulze (Knorrenschild) und Timo Stork Hier gehts zur Fotogalerie von 1998 40 Jahre \u2013 1983, K\u00f6nigspaar Hildegard und Heinrich Stork Hier gehts zur Fotogalerie von 1983 50 Jahre -1973, K\u00f6nigspaar Gerda Eschenberg und Josef G\u00f6hn Hier gehts zur Fotogalerie von 1973 60 Jahre \u2013 &hellip; <a href=\"https:\/\/schuetzen-neuenheerse.de\/?page_id=3693\" class=\"more-link\"><span class=\"screen-reader-text\">Jubil\u00e4umsk\u00f6nigspaare 2023<\/span> weiterlesen <span class=\"meta-nav\">&rarr;<\/span><\/a><\/p>\n","protected":false},"author":1,"featured_media":0,"parent":0,"menu_order":0,"comment_status":"closed","ping_status":"closed","template":"","meta":{"footnotes":""},"class_list":["post-3693","page","type-page","status-publish","hentry"],"_links":{"self":[{"href":"https:\/\/schuetzen-neuenheerse.de\/index.php?rest_route=\/wp\/v2\/pages\/3693","targetHints":{"allow":["GET"]}}],"collection":[{"href":"https:\/\/schuetzen-neuenheerse.de\/index.php?rest_route=\/wp\/v2\/pages"}],"about":[{"href":"https:\/\/schuetzen-neuenheerse.de\/index.php?rest_route=\/wp\/v2\/types\/page"}],"author":[{"embeddable":true,"href":"https:\/\/schuetzen-neuenheerse.de\/index.php?rest_route=\/wp\/v2\/users\/1"}],"replies":[{"embeddable":true,"href":"https:\/\/schuetzen-neuenheerse.de\/index.php?rest_route=%2Fwp%2Fv2%2Fcomments&post=3693"}],"version-history":[{"count":3,"href":"https:\/\/schuetzen-neuenheerse.de\/index.php?rest_route=\/wp\/v2\/pages\/3693\/revisions"}],"predecessor-version":[{"id":7251,"href":"https:\/\/schuetzen-neuenheerse.de\/index.php?rest_route=\/wp\/v2\/pages\/3693\/revisions\/7251"}],"wp:attachment":[{"href":"https:\/\/schuetzen-neuenheerse.de\/index.php?rest_route=%2Fwp%2Fv2%2Fmedia&parent=3693"}],"curies":[{"name":"wp","href":"https:\/\/api.w.org\/{rel}","templated":true}]}}