{"id":3481,"date":"2019-01-16T17:31:31","date_gmt":"2019-01-16T16:31:31","guid":{"rendered":"http:\/\/www.schuetzen-neuenheerse.de\/?page_id=3481"},"modified":"2023-07-01T16:16:07","modified_gmt":"2023-07-01T14:16:07","slug":"bierkoenig","status":"publish","type":"page","link":"https:\/\/schuetzen-neuenheerse.de\/?page_id=3481","title":{"rendered":"Bierk\u00f6nig"},"content":{"rendered":"<p style=\"text-align: center;\">2023<\/p>\n<p style=\"text-align: center;\"><img loading=\"lazy\" decoding=\"async\" class=\"alignnone size-full wp-image-5907\" src=\"http:\/\/schuetzenbruderschaft-neuenheerse.de\/wp-content\/uploads\/2019\/01\/Bierkoenig-Christian.jpg\" alt=\"Bierk\u00f6nig Christian\" width=\"795\" height=\"833\" srcset=\"https:\/\/schuetzen-neuenheerse.de\/wp-content\/uploads\/2019\/01\/Bierkoenig-Christian.jpg 795w, https:\/\/schuetzen-neuenheerse.de\/wp-content\/uploads\/2019\/01\/Bierkoenig-Christian-286x300.jpg 286w, https:\/\/schuetzen-neuenheerse.de\/wp-content\/uploads\/2019\/01\/Bierkoenig-Christian-768x805.jpg 768w\" sizes=\"auto, (max-width: 795px) 100vw, 795px\" \/><\/p>\n<p style=\"text-align: center;\">Bierk\u00f6nig 2023 &#8211; Christian Schwarze<\/p>\n<p style=\"text-align: center;\">***<\/p>\n<p style=\"text-align: center;\"><strong>2022<\/strong><\/p>\n<p style=\"text-align: center;\"><img loading=\"lazy\" decoding=\"async\" class=\"alignnone size-large wp-image-5015\" src=\"http:\/\/www.schuetzen-neuenheerse.de\/wp-content\/uploads\/2017\/05\/Bierk\u00f6nig-Dirk-Garbowsky-2022-768x1024.jpg\" alt=\"Bierk\u00f6nig Dirk Garbowsky 2022\" width=\"474\" height=\"632\" \/><\/p>\n<p style=\"text-align: left;\">Bierk\u00f6nig 2022 &#8211; Dirk Garbowsky<\/p>\n<p style=\"text-align: center;\">***<\/p>\n<p style=\"text-align: center;\"><strong>2020<\/strong><\/p>\n<p style=\"text-align: center;\"><img loading=\"lazy\" decoding=\"async\" class=\"alignnone wp-image-4141 size-large\" src=\"http:\/\/schuetzenbruderschaft-neuenheerse.de\/wp-content\/uploads\/2019\/01\/Bierkoenig-768x1024.jpg\" alt=\"Bierk\u00f6nig\" width=\"474\" height=\"632\" srcset=\"https:\/\/schuetzen-neuenheerse.de\/wp-content\/uploads\/2019\/01\/Bierkoenig-768x1024.jpg 768w, https:\/\/schuetzen-neuenheerse.de\/wp-content\/uploads\/2019\/01\/Bierkoenig-225x300.jpg 225w, https:\/\/schuetzen-neuenheerse.de\/wp-content\/uploads\/2019\/01\/Bierkoenig-1152x1536.jpg 1152w, https:\/\/schuetzen-neuenheerse.de\/wp-content\/uploads\/2019\/01\/Bierkoenig.jpg 1200w\" sizes=\"auto, (max-width: 474px) 100vw, 474px\" \/><\/p>\n<p style=\"text-align: left;\">Biek\u00f6nig 2020 &#8211; Hubertus Heising<\/p>\n<p style=\"text-align: center;\"><strong>2019<\/strong><\/p>\n<p style=\"text-align: center;\"><img loading=\"lazy\" decoding=\"async\" class=\"alignnone wp-image-3469 size-large\" src=\"http:\/\/schuetzenbruderschaft-neuenheerse.de\/wp-content\/uploads\/2016\/12\/Bierkoenig-Adam-Marley-2019-1024x768.jpg\" alt=\"Bierk\u00f6nig Adam Marley 2019\" width=\"474\" height=\"356\" srcset=\"https:\/\/schuetzen-neuenheerse.de\/wp-content\/uploads\/2016\/12\/Bierkoenig-Adam-Marley-2019-1024x768.jpg 1024w, https:\/\/schuetzen-neuenheerse.de\/wp-content\/uploads\/2016\/12\/Bierkoenig-Adam-Marley-2019-300x225.jpg 300w, https:\/\/schuetzen-neuenheerse.de\/wp-content\/uploads\/2016\/12\/Bierkoenig-Adam-Marley-2019-768x576.jpg 768w, https:\/\/schuetzen-neuenheerse.de\/wp-content\/uploads\/2016\/12\/Bierkoenig-Adam-Marley-2019-1536x1152.jpg 1536w, https:\/\/schuetzen-neuenheerse.de\/wp-content\/uploads\/2016\/12\/Bierkoenig-Adam-Marley-2019-1320x990.jpg 1320w, https:\/\/schuetzen-neuenheerse.de\/wp-content\/uploads\/2016\/12\/Bierkoenig-Adam-Marley-2019.jpg 1600w\" sizes=\"auto, (max-width: 474px) 100vw, 474px\" \/><\/p>\n<p style=\"text-align: left;\">Bierk\u00f6nig 2019 &#8211; Adam Marley<\/p>\n","protected":false},"excerpt":{"rendered":"<p>2023 Bierk\u00f6nig 2023 &#8211; Christian Schwarze *** 2022 Bierk\u00f6nig 2022 &#8211; Dirk Garbowsky *** 2020 Biek\u00f6nig 2020 &#8211; Hubertus Heising 2019 Bierk\u00f6nig 2019 &#8211; Adam Marley<\/p>\n","protected":false},"author":1,"featured_media":0,"parent":0,"menu_order":0,"comment_status":"closed","ping_status":"closed","template":"","meta":{"footnotes":""},"class_list":["post-3481","page","type-page","status-publish","hentry"],"_links":{"self":[{"href":"https:\/\/schuetzen-neuenheerse.de\/index.php?rest_route=\/wp\/v2\/pages\/3481","targetHints":{"allow":["GET"]}}],"collection":[{"href":"https:\/\/schuetzen-neuenheerse.de\/index.php?rest_route=\/wp\/v2\/pages"}],"about":[{"href":"https:\/\/schuetzen-neuenheerse.de\/index.php?rest_route=\/wp\/v2\/types\/page"}],"author":[{"embeddable":true,"href":"https:\/\/schuetzen-neuenheerse.de\/index.php?rest_route=\/wp\/v2\/users\/1"}],"replies":[{"embeddable":true,"href":"https:\/\/schuetzen-neuenheerse.de\/index.php?rest_route=%2Fwp%2Fv2%2Fcomments&post=3481"}],"version-history":[{"count":1,"href":"https:\/\/schuetzen-neuenheerse.de\/index.php?rest_route=\/wp\/v2\/pages\/3481\/revisions"}],"predecessor-version":[{"id":6404,"href":"https:\/\/schuetzen-neuenheerse.de\/index.php?rest_route=\/wp\/v2\/pages\/3481\/revisions\/6404"}],"wp:attachment":[{"href":"https:\/\/schuetzen-neuenheerse.de\/index.php?rest_route=%2Fwp%2Fv2%2Fmedia&parent=3481"}],"curies":[{"name":"wp","href":"https:\/\/api.w.org\/{rel}","templated":true}]}}