{"id":3479,"date":"2019-01-16T17:31:19","date_gmt":"2019-01-16T16:31:19","guid":{"rendered":"http:\/\/www.schuetzen-neuenheerse.de\/?page_id=3479"},"modified":"2025-01-18T22:37:00","modified_gmt":"2025-01-18T21:37:00","slug":"koenig-der-herzen","status":"publish","type":"page","link":"https:\/\/schuetzen-neuenheerse.de\/?page_id=3479","title":{"rendered":"K\u00f6nig der Herzen"},"content":{"rendered":"<p>2025<\/p>\n<p>K\u00f6nig der Herzen &#8211; Sascha Klostermann<\/p>\n<p><img loading=\"lazy\" decoding=\"async\" class=\"alignnone wp-image-8862 size-full\" src=\"https:\/\/schuetzen-neuenheerse.de\/wp-content\/uploads\/2025\/01\/Koenig-der-Herzen-2025.jpg\" alt=\"\" width=\"1530\" height=\"2040\" srcset=\"https:\/\/schuetzen-neuenheerse.de\/wp-content\/uploads\/2025\/01\/Koenig-der-Herzen-2025.jpg 1530w, https:\/\/schuetzen-neuenheerse.de\/wp-content\/uploads\/2025\/01\/Koenig-der-Herzen-2025-225x300.jpg 225w, https:\/\/schuetzen-neuenheerse.de\/wp-content\/uploads\/2025\/01\/Koenig-der-Herzen-2025-768x1024.jpg 768w, https:\/\/schuetzen-neuenheerse.de\/wp-content\/uploads\/2025\/01\/Koenig-der-Herzen-2025-1152x1536.jpg 1152w, https:\/\/schuetzen-neuenheerse.de\/wp-content\/uploads\/2025\/01\/Koenig-der-Herzen-2025-1320x1760.jpg 1320w\" sizes=\"auto, (max-width: 1530px) 100vw, 1530px\" \/><\/p>\n<p style=\"text-align: center;\"><strong>2023<\/strong><\/p>\n<p style=\"text-align: center;\"><img loading=\"lazy\" decoding=\"async\" class=\"alignnone size-large wp-image-5904\" src=\"http:\/\/schuetzenbruderschaft-neuenheerse.de\/wp-content\/uploads\/2019\/01\/Koenig-der-Herzen-Uwe-761x1024.jpg\" alt=\"K\u00f6nig der Herzen Uwe\" width=\"474\" height=\"638\" srcset=\"https:\/\/schuetzen-neuenheerse.de\/wp-content\/uploads\/2019\/01\/Koenig-der-Herzen-Uwe-761x1024.jpg 761w, https:\/\/schuetzen-neuenheerse.de\/wp-content\/uploads\/2019\/01\/Koenig-der-Herzen-Uwe-223x300.jpg 223w, https:\/\/schuetzen-neuenheerse.de\/wp-content\/uploads\/2019\/01\/Koenig-der-Herzen-Uwe-768x1033.jpg 768w, https:\/\/schuetzen-neuenheerse.de\/wp-content\/uploads\/2019\/01\/Koenig-der-Herzen-Uwe-1142x1536.jpg 1142w, https:\/\/schuetzen-neuenheerse.de\/wp-content\/uploads\/2019\/01\/Koenig-der-Herzen-Uwe-1523x2048.jpg 1523w, https:\/\/schuetzen-neuenheerse.de\/wp-content\/uploads\/2019\/01\/Koenig-der-Herzen-Uwe-1320x1775.jpg 1320w, https:\/\/schuetzen-neuenheerse.de\/wp-content\/uploads\/2019\/01\/Koenig-der-Herzen-Uwe-scaled.jpg 1903w\" sizes=\"auto, (max-width: 474px) 100vw, 474px\" \/><\/p>\n<p style=\"text-align: center;\">K\u00f6nig der Herzen 2023 &#8211; Uwe Br\u00fcntrup<\/p>\n<p style=\"text-align: center;\">***<\/p>\n<p style=\"text-align: center;\"><strong>2022<\/strong><\/p>\n<p style=\"text-align: center;\"><img loading=\"lazy\" decoding=\"async\" class=\"alignnone size-large wp-image-5016\" src=\"http:\/\/www.schuetzen-neuenheerse.de\/wp-content\/uploads\/2017\/05\/K\u00f6nig-der-Herzen-Dirk-Garbowsky-2022-768x1024.jpg\" alt=\"K\u00f6nig der Herzen Dirk Garbowsky 2022\" width=\"474\" height=\"632\" \/><\/p>\n<p style=\"text-align: left;\">K\u00f6nig der Herzen 2022 &#8211; Dirk Garbowsky<\/p>\n<p style=\"text-align: center;\">***<\/p>\n<p style=\"text-align: center;\"><strong>2020<\/strong><\/p>\n<p style=\"text-align: center;\"><img loading=\"lazy\" decoding=\"async\" class=\"alignnone wp-image-4138 size-large\" src=\"http:\/\/schuetzenbruderschaft-neuenheerse.de\/wp-content\/uploads\/2019\/01\/Koenig-der-Herzen-und-Bierkoenig-2020-768x1024.jpg\" alt=\"K\u00f6nig der Herzen und Bierk\u00f6nig 2020\" width=\"474\" height=\"632\" srcset=\"https:\/\/schuetzen-neuenheerse.de\/wp-content\/uploads\/2019\/01\/Koenig-der-Herzen-und-Bierkoenig-2020-768x1024.jpg 768w, https:\/\/schuetzen-neuenheerse.de\/wp-content\/uploads\/2019\/01\/Koenig-der-Herzen-und-Bierkoenig-2020-225x300.jpg 225w, https:\/\/schuetzen-neuenheerse.de\/wp-content\/uploads\/2019\/01\/Koenig-der-Herzen-und-Bierkoenig-2020-1152x1536.jpg 1152w, https:\/\/schuetzen-neuenheerse.de\/wp-content\/uploads\/2019\/01\/Koenig-der-Herzen-und-Bierkoenig-2020.jpg 1200w\" sizes=\"auto, (max-width: 474px) 100vw, 474px\" \/><\/p>\n<p style=\"text-align: left;\">K\u00f6nig der Herzen 2020 &#8211; Hubertus Heising<\/p>\n<p style=\"text-align: center;\"><strong>2019<\/strong><\/p>\n<p style=\"text-align: left;\"><img loading=\"lazy\" decoding=\"async\" class=\"alignnone wp-image-3470 size-full\" src=\"http:\/\/schuetzenbruderschaft-neuenheerse.de\/wp-content\/uploads\/2016\/12\/Koenig-der-Herzen-Martin-Knorrenschild-2019-1.jpg\" alt=\"K\u00f6nig der Herzen Martin Knorrenschild 2019\" width=\"977\" height=\"641\" srcset=\"https:\/\/schuetzen-neuenheerse.de\/wp-content\/uploads\/2016\/12\/Koenig-der-Herzen-Martin-Knorrenschild-2019-1.jpg 977w, https:\/\/schuetzen-neuenheerse.de\/wp-content\/uploads\/2016\/12\/Koenig-der-Herzen-Martin-Knorrenschild-2019-1-300x197.jpg 300w, https:\/\/schuetzen-neuenheerse.de\/wp-content\/uploads\/2016\/12\/Koenig-der-Herzen-Martin-Knorrenschild-2019-1-768x504.jpg 768w\" sizes=\"auto, (max-width: 977px) 100vw, 977px\" \/><\/p>\n<p style=\"text-align: left;\">K\u00f6nig der Herzen 2019 &#8211; Martin Knorrenschild<\/p>\n","protected":false},"excerpt":{"rendered":"<p>2025 K\u00f6nig der Herzen &#8211; Sascha Klostermann 2023 K\u00f6nig der Herzen 2023 &#8211; Uwe Br\u00fcntrup *** 2022 K\u00f6nig der Herzen 2022 &#8211; Dirk Garbowsky *** 2020 K\u00f6nig der Herzen 2020 &#8211; Hubertus Heising 2019 K\u00f6nig der Herzen 2019 &#8211; Martin Knorrenschild<\/p>\n","protected":false},"author":1,"featured_media":0,"parent":0,"menu_order":0,"comment_status":"closed","ping_status":"closed","template":"","meta":{"footnotes":""},"class_list":["post-3479","page","type-page","status-publish","hentry"],"_links":{"self":[{"href":"https:\/\/schuetzen-neuenheerse.de\/index.php?rest_route=\/wp\/v2\/pages\/3479","targetHints":{"allow":["GET"]}}],"collection":[{"href":"https:\/\/schuetzen-neuenheerse.de\/index.php?rest_route=\/wp\/v2\/pages"}],"about":[{"href":"https:\/\/schuetzen-neuenheerse.de\/index.php?rest_route=\/wp\/v2\/types\/page"}],"author":[{"embeddable":true,"href":"https:\/\/schuetzen-neuenheerse.de\/index.php?rest_route=\/wp\/v2\/users\/1"}],"replies":[{"embeddable":true,"href":"https:\/\/schuetzen-neuenheerse.de\/index.php?rest_route=%2Fwp%2Fv2%2Fcomments&post=3479"}],"version-history":[{"count":3,"href":"https:\/\/schuetzen-neuenheerse.de\/index.php?rest_route=\/wp\/v2\/pages\/3479\/revisions"}],"predecessor-version":[{"id":8868,"href":"https:\/\/schuetzen-neuenheerse.de\/index.php?rest_route=\/wp\/v2\/pages\/3479\/revisions\/8868"}],"wp:attachment":[{"href":"https:\/\/schuetzen-neuenheerse.de\/index.php?rest_route=%2Fwp%2Fv2%2Fmedia&parent=3479"}],"curies":[{"name":"wp","href":"https:\/\/api.w.org\/{rel}","templated":true}]}}