{"id":3326,"date":"2018-10-05T16:45:19","date_gmt":"2018-10-05T14:45:19","guid":{"rendered":"http:\/\/www.schuetzen-neuenheerse.de\/?page_id=3326"},"modified":"2018-10-05T16:45:19","modified_gmt":"2018-10-05T14:45:19","slug":"neue-uniformen","status":"publish","type":"page","link":"https:\/\/schuetzen-neuenheerse.de\/?page_id=3326","title":{"rendered":"Neue Uniformen"},"content":{"rendered":"<p style=\"text-align: justify;\"><strong>Wo bekomme ich eine neue Sch\u00fctzenjacke her?<\/strong><\/p>\n<p>Bitte beachte das Neuenheerser Sch\u00fctzenwappen muss im Vorfeld beim Rechnungsf\u00fchrer Hubertus Heising \u00a0(Telefon 0 52 59\/4 44) k\u00e4uflich erworben werden.<\/p>\n<p><strong>Herrenhaus Fischer<\/strong><br \/>\nAm Thy 15<br \/>\n33034 Brakel<br \/>\nTelefon 0 \u00a052 72\/35 58 32<\/p>\n<p><strong>Haus der Moden G\u00f6ke<\/strong><br \/>\nAm Hellweg 15<br \/>\n33014 Bad Driburg<br \/>\nTelefon 0 52 53\/38 42<\/p>\n<p><strong>Vereins u. Festbedarf Michelis<\/strong><br \/>\nZieglerstra\u00dfe 2<br \/>\n33161 H\u00f6velhof<br \/>\nTelefon 0 52 57 \/ 98 89 30<\/p>\n<p>&nbsp;<\/p>\n","protected":false},"excerpt":{"rendered":"<p>Wo bekomme ich eine neue Sch\u00fctzenjacke her? Bitte beachte das Neuenheerser Sch\u00fctzenwappen muss im Vorfeld beim Rechnungsf\u00fchrer Hubertus Heising \u00a0(Telefon 0 52 59\/4 44) k\u00e4uflich erworben werden. Herrenhaus Fischer Am Thy 15 33034 Brakel Telefon 0 \u00a052 72\/35 58 32 Haus der Moden G\u00f6ke Am Hellweg 15 33014 Bad Driburg Telefon 0 52 53\/38 42 &hellip; <a href=\"https:\/\/schuetzen-neuenheerse.de\/?page_id=3326\" class=\"more-link\"><span class=\"screen-reader-text\">Neue Uniformen<\/span> weiterlesen <span class=\"meta-nav\">&rarr;<\/span><\/a><\/p>\n","protected":false},"author":1,"featured_media":0,"parent":0,"menu_order":0,"comment_status":"closed","ping_status":"closed","template":"","meta":{"footnotes":""},"class_list":["post-3326","page","type-page","status-publish","hentry"],"_links":{"self":[{"href":"https:\/\/schuetzen-neuenheerse.de\/index.php?rest_route=\/wp\/v2\/pages\/3326","targetHints":{"allow":["GET"]}}],"collection":[{"href":"https:\/\/schuetzen-neuenheerse.de\/index.php?rest_route=\/wp\/v2\/pages"}],"about":[{"href":"https:\/\/schuetzen-neuenheerse.de\/index.php?rest_route=\/wp\/v2\/types\/page"}],"author":[{"embeddable":true,"href":"https:\/\/schuetzen-neuenheerse.de\/index.php?rest_route=\/wp\/v2\/users\/1"}],"replies":[{"embeddable":true,"href":"https:\/\/schuetzen-neuenheerse.de\/index.php?rest_route=%2Fwp%2Fv2%2Fcomments&post=3326"}],"version-history":[{"count":0,"href":"https:\/\/schuetzen-neuenheerse.de\/index.php?rest_route=\/wp\/v2\/pages\/3326\/revisions"}],"wp:attachment":[{"href":"https:\/\/schuetzen-neuenheerse.de\/index.php?rest_route=%2Fwp%2Fv2%2Fmedia&parent=3326"}],"curies":[{"name":"wp","href":"https:\/\/api.w.org\/{rel}","templated":true}]}}