{"id":323,"date":"2016-12-20T22:11:01","date_gmt":"2016-12-20T21:11:01","guid":{"rendered":"http:\/\/www.schuetzen-neuenheerse.de\/?page_id=323"},"modified":"2025-08-01T15:50:32","modified_gmt":"2025-08-01T13:50:32","slug":"jungschuetzenprinz","status":"publish","type":"page","link":"https:\/\/schuetzen-neuenheerse.de\/?page_id=323","title":{"rendered":"Jungsch\u00fctzenprinz 2025"},"content":{"rendered":"<p><span style=\"color: #0000ff;\"><strong>Tom Hiller ist neuer Jungsch\u00fctzenprinz<\/strong> <\/span><\/p>\n<p>Mit dem 66. Schuss war es entschieden: Tom Hiller hat beim gestrigen K\u00f6nigsschie\u00dfen den Vogel von der Stange geholt und ist damit Jungsch\u00fctzenprinz 2025.<\/p>\n<p>Tom ist seit 2020 Mitglied der Bruderschaft. Er arbeitet als Softwareentwickler bei dSPACE. Als Fahnenoffizier im Oberdorf und engagiertes Vorstandsmitglied ist er vielen bestens bekannt. Zu seinen Adjutanten ernannte er Jungsch\u00fctzenmeister Robin Meyer und Tobias Hake \u2013 und gemeinsam wurde der Treffer anschlie\u00dfend geb\u00fchrend gefeiert. Der Moment, in dem der Vogel fiel, war f\u00fcr Tom und alle Mitfiebernden ein toller Moment. Seine Erwartungen an das kommende Jahr bringt er selbst auf den Punkt: \u201eViel gute Laune, eine gute Zeit \u2013 und Durst!\u201c Klingt nach besten Voraussetzungen f\u00fcr ein gelungenes Sch\u00fctzenfest.<\/p>\n<p><img loading=\"lazy\" decoding=\"async\" class=\"alignnone wp-image-9319 size-full\" src=\"https:\/\/schuetzen-neuenheerse.de\/wp-content\/uploads\/2025\/08\/Prinz-scaled.jpg\" alt=\"\" width=\"1929\" height=\"2560\" srcset=\"https:\/\/schuetzen-neuenheerse.de\/wp-content\/uploads\/2025\/08\/Prinz-scaled.jpg 1929w, https:\/\/schuetzen-neuenheerse.de\/wp-content\/uploads\/2025\/08\/Prinz-226x300.jpg 226w, https:\/\/schuetzen-neuenheerse.de\/wp-content\/uploads\/2025\/08\/Prinz-771x1024.jpg 771w, https:\/\/schuetzen-neuenheerse.de\/wp-content\/uploads\/2025\/08\/Prinz-768x1019.jpg 768w, https:\/\/schuetzen-neuenheerse.de\/wp-content\/uploads\/2025\/08\/Prinz-1157x1536.jpg 1157w, https:\/\/schuetzen-neuenheerse.de\/wp-content\/uploads\/2025\/08\/Prinz-1543x2048.jpg 1543w, https:\/\/schuetzen-neuenheerse.de\/wp-content\/uploads\/2025\/08\/Prinz-1320x1752.jpg 1320w\" sizes=\"auto, (max-width: 1929px) 100vw, 1929px\" \/><\/p>\n<h4 data-wp-editing=\"1\"><\/h4>\n<h4><\/h4>\n","protected":false},"excerpt":{"rendered":"<p>Tom Hiller ist neuer Jungsch\u00fctzenprinz Mit dem 66. Schuss war es entschieden: Tom Hiller hat beim gestrigen K\u00f6nigsschie\u00dfen den Vogel von der Stange geholt und ist damit Jungsch\u00fctzenprinz 2025. Tom ist seit 2020 Mitglied der Bruderschaft. Er arbeitet als Softwareentwickler bei dSPACE. Als Fahnenoffizier im Oberdorf und engagiertes Vorstandsmitglied ist er vielen bestens bekannt. Zu &hellip; <a href=\"https:\/\/schuetzen-neuenheerse.de\/?page_id=323\" class=\"more-link\"><span class=\"screen-reader-text\">Jungsch\u00fctzenprinz 2025<\/span> weiterlesen <span class=\"meta-nav\">&rarr;<\/span><\/a><\/p>\n","protected":false},"author":1,"featured_media":0,"parent":0,"menu_order":0,"comment_status":"closed","ping_status":"closed","template":"","meta":{"footnotes":""},"class_list":["post-323","page","type-page","status-publish","hentry"],"_links":{"self":[{"href":"https:\/\/schuetzen-neuenheerse.de\/index.php?rest_route=\/wp\/v2\/pages\/323","targetHints":{"allow":["GET"]}}],"collection":[{"href":"https:\/\/schuetzen-neuenheerse.de\/index.php?rest_route=\/wp\/v2\/pages"}],"about":[{"href":"https:\/\/schuetzen-neuenheerse.de\/index.php?rest_route=\/wp\/v2\/types\/page"}],"author":[{"embeddable":true,"href":"https:\/\/schuetzen-neuenheerse.de\/index.php?rest_route=\/wp\/v2\/users\/1"}],"replies":[{"embeddable":true,"href":"https:\/\/schuetzen-neuenheerse.de\/index.php?rest_route=%2Fwp%2Fv2%2Fcomments&post=323"}],"version-history":[{"count":5,"href":"https:\/\/schuetzen-neuenheerse.de\/index.php?rest_route=\/wp\/v2\/pages\/323\/revisions"}],"predecessor-version":[{"id":9320,"href":"https:\/\/schuetzen-neuenheerse.de\/index.php?rest_route=\/wp\/v2\/pages\/323\/revisions\/9320"}],"wp:attachment":[{"href":"https:\/\/schuetzen-neuenheerse.de\/index.php?rest_route=%2Fwp%2Fv2%2Fmedia&parent=323"}],"curies":[{"name":"wp","href":"https:\/\/api.w.org\/{rel}","templated":true}]}}