{"id":321,"date":"2016-12-20T22:10:49","date_gmt":"2016-12-20T21:10:49","guid":{"rendered":"http:\/\/www.schuetzen-neuenheerse.de\/?page_id=321"},"modified":"2025-08-01T15:48:23","modified_gmt":"2025-08-01T13:48:23","slug":"koenigspaar-mit-hofstaat","status":"publish","type":"page","link":"https:\/\/schuetzen-neuenheerse.de\/?page_id=321","title":{"rendered":"K\u00f6nigspaar mit Hofstaat"},"content":{"rendered":"\n<div class=\"wp-block-columns is-layout-flex wp-container-core-columns-is-layout-9d6595d7 wp-block-columns-is-layout-flex\">\n<div class=\"wp-block-column is-layout-flow wp-block-column-is-layout-flow\" style=\"flex-basis:100%\"><\/div>\n<\/div>\n\n\n\n<div class=\"wp-block-columns is-layout-flex wp-container-core-columns-is-layout-9d6595d7 wp-block-columns-is-layout-flex\">\n<div class=\"wp-block-column is-layout-flow wp-block-column-is-layout-flow\" style=\"flex-basis:100%\">\n<p><\/p>\n\n\n\n<p><strong>K\u00f6nigspaar 2025\/26<\/strong> &#8211; Diana &amp; Michael Meyer<\/p>\n\n\n\n<figure class=\"wp-block-image size-large\"><img loading=\"lazy\" decoding=\"async\" width=\"1024\" height=\"746\" src=\"https:\/\/schuetzen-neuenheerse.de\/wp-content\/uploads\/2025\/08\/11-1024x746.jpg\" alt=\"\" class=\"wp-image-9314\" srcset=\"https:\/\/schuetzen-neuenheerse.de\/wp-content\/uploads\/2025\/08\/11-1024x746.jpg 1024w, https:\/\/schuetzen-neuenheerse.de\/wp-content\/uploads\/2025\/08\/11-300x218.jpg 300w, https:\/\/schuetzen-neuenheerse.de\/wp-content\/uploads\/2025\/08\/11-768x559.jpg 768w, https:\/\/schuetzen-neuenheerse.de\/wp-content\/uploads\/2025\/08\/11-1536x1118.jpg 1536w, https:\/\/schuetzen-neuenheerse.de\/wp-content\/uploads\/2025\/08\/11-2048x1491.jpg 2048w, https:\/\/schuetzen-neuenheerse.de\/wp-content\/uploads\/2025\/08\/11-1320x961.jpg 1320w\" sizes=\"auto, (max-width: 1024px) 100vw, 1024px\" \/><\/figure>\n\n\n\n<figure class=\"wp-block-gallery has-nested-images columns-default is-cropped wp-block-gallery-1 is-layout-flex wp-block-gallery-is-layout-flex\"><\/figure>\n\n\n\n<p><\/p>\n\n\n\n<p><strong>K\u00f6nigspaar Diana &amp; Michael Meyer<\/strong><\/p>\n\n\n\n<figure class=\"wp-block-image size-large\"><img loading=\"lazy\" decoding=\"async\" width=\"1024\" height=\"807\" src=\"https:\/\/schuetzen-neuenheerse.de\/wp-content\/uploads\/2025\/08\/22-1024x807.jpg\" alt=\"\" class=\"wp-image-9312\" srcset=\"https:\/\/schuetzen-neuenheerse.de\/wp-content\/uploads\/2025\/08\/22-1024x807.jpg 1024w, https:\/\/schuetzen-neuenheerse.de\/wp-content\/uploads\/2025\/08\/22-300x236.jpg 300w, https:\/\/schuetzen-neuenheerse.de\/wp-content\/uploads\/2025\/08\/22-768x605.jpg 768w, https:\/\/schuetzen-neuenheerse.de\/wp-content\/uploads\/2025\/08\/22-1536x1211.jpg 1536w, https:\/\/schuetzen-neuenheerse.de\/wp-content\/uploads\/2025\/08\/22-2048x1614.jpg 2048w, https:\/\/schuetzen-neuenheerse.de\/wp-content\/uploads\/2025\/08\/22-1320x1040.jpg 1320w\" sizes=\"auto, (max-width: 1024px) 100vw, 1024px\" \/><\/figure>\n\n\n\n<h6 class=\"wp-block-heading\">Hofstaat:&nbsp;<\/h6>\n\n\n\n<p>Maria &amp; Markus Pastoors<\/p>\n\n\n\n<p>Valerie &amp; Manuel Schr\u00f6ter<\/p>\n\n\n\n<p>Christina &amp; Rene Flore<\/p>\n\n\n\n<p>Heike &amp; Horst Adamski<\/p>\n\n\n\n<p><\/p>\n\n\n\n<p><\/p>\n\n\n\n<p><strong>Ein K\u00f6nig mit Herz, Tatkraft und Familie: Michael Meyer regiert Neuenheerse<\/strong><\/p>\n\n\n\n<p><em>Mit dem 238. Schuss fiel der Vogel \u2013 und mit ihm ein ganzes Dorf in Begeisterung. Michael Meyer ist der neue Sch\u00fctzenk\u00f6nig von Neuenheerse.<\/em><\/p>\n\n\n\n<p>Es war kein langes Z\u00f6gern, kein taktisches Abw\u00e4gen \u2013 sondern ein Moment reiner Entschlossenheit. \u201eIch geh da jetzt rein und hole den Vogel runter\u201c, sagte Michael Meyer \u2013 und tat es einfach. Der 238. Schuss traf sein Ziel, und damit war klar: Neuenheerse hat einen neuen K\u00f6nig. Und was f\u00fcr einen!<\/p>\n\n\n\n<p>Michael Meyer, ein Mann der Tat, f\u00fchrt das Sch\u00fctzenvolk in diesem Jahr mit Herz, Bodenst\u00e4ndigkeit und gro\u00dfem Verantwortungsbewusstsein. Seit 2003 ist er im Vorstand aktiv, aktuell als Feldwebel der Oberdorfkompanie. Wer ihn kennt, wei\u00df: Wenn etwas gemacht werden muss, ist Michael zur Stelle. Er sieht die Arbeit, bevor sie jemand anspricht \u2013 und packt sie an. Mit seiner Mischung aus Kreativit\u00e4t, praktischer Intelligenz und hoher Zuverl\u00e4ssigkeit ist er ein echtes R\u00fcckgrat der Bruderschaft.<\/p>\n\n\n\n<p>Beruflich ist Michael als Industriemechaniker bei Conrad Stanztechnik t\u00e4tig \u2013 auch dort sch\u00e4tzt man seine pr\u00e4zise, engagierte Art. Doch nicht nur im Beruf und im Sch\u00fctzenwesen ist er voll dabei \u2013 auch privat hat er eine starke Partnerin an seiner Seite: Ehefrau Diana, die er zu seiner K\u00f6nigin nimmt.<\/p>\n\n\n\n<p>Diana arbeitet als Betreuungsassistenz im Senioren Park Carpe Diem in Bad Driburg. Mit viel Herzblut k\u00fcmmert sie sich um die Menschen, die auf Unterst\u00fctzung angewiesen sind. Doch auch in Neuenheerse ist sie l\u00e4ngst keine Unbekannte: Im Karneval ist sie aktiv, sie liebt das Wandern, das Radfahren \u2013 und das Miteinander im Dorf.<\/p>\n\n\n\n<p>Gemeinsam f\u00fchren Michael und Diana eine echte Sch\u00fctzenfamilie an die Spitze. Das Engagement f\u00fcr Tradition und Gemeinschaft zieht sich bei Meyers durch alle Generationen: Michaels Vater war viele Jahre als Fahnenoffizier und Schriftf\u00fchrer aktiv, Sohn Robin wurde 2022 Prinz und ist seit Januar 2025 Jungsch\u00fctzenmeister. So lebt die Familie das Sch\u00fctzenwesen \u2013 mit \u00dcberzeugung und Herzblut.<\/p>\n\n\n\n<p>Unterst\u00fctzt wird das K\u00f6nigspaar von einem ebenso herzlichen wie feierfreudigen Hofstaat: Maria und Markus Pastoors, Valerie und Manuel Schr\u00f6ter, Christina und Rene Flore sowie Heike und Horst Adamski stehen ihnen zur Seite \u2013 bereit f\u00fcr ein unvergessliches Fest.<\/p>\n\n\n\n<p>Und genau das w\u00fcnscht sich die ganze Sch\u00fctzenfamilie: Sonnenschein, Musik, ausgelassene Stimmung und viele G\u00e4ste \u2013 aus der Nachbarschaft und von weit her. Ein rauschendes Fest, das noch lange in Erinnerung bleibt.<\/p>\n\n\n\n<p>Denn Neuenheerse feiert nicht nur einen neuen K\u00f6nig. Es feiert eine Familie, die f\u00fcr Zusammenhalt, Engagement und echtes Herzblut steht. Ein Hoch auf K\u00f6nig Michael, K\u00f6nigin Diana \u2013 und ein ganzes Dorf im Freudentaumel!<\/p>\n\n\n\n<p><\/p>\n<\/div>\n<\/div>\n","protected":false},"excerpt":{"rendered":"<p>K\u00f6nigspaar 2025\/26 &#8211; Diana &amp; Michael Meyer K\u00f6nigspaar Diana &amp; Michael Meyer Hofstaat:&nbsp; Maria &amp; Markus Pastoors Valerie &amp; Manuel Schr\u00f6ter Christina &amp; Rene Flore Heike &amp; Horst Adamski Ein K\u00f6nig mit Herz, Tatkraft und Familie: Michael Meyer regiert Neuenheerse Mit dem 238. Schuss fiel der Vogel \u2013 und mit ihm ein ganzes Dorf in &hellip; <a href=\"https:\/\/schuetzen-neuenheerse.de\/?page_id=321\" class=\"more-link\"><span class=\"screen-reader-text\">K\u00f6nigspaar mit Hofstaat<\/span> weiterlesen <span class=\"meta-nav\">&rarr;<\/span><\/a><\/p>\n","protected":false},"author":1,"featured_media":0,"parent":0,"menu_order":0,"comment_status":"closed","ping_status":"closed","template":"","meta":{"footnotes":""},"class_list":["post-321","page","type-page","status-publish","hentry"],"_links":{"self":[{"href":"https:\/\/schuetzen-neuenheerse.de\/index.php?rest_route=\/wp\/v2\/pages\/321","targetHints":{"allow":["GET"]}}],"collection":[{"href":"https:\/\/schuetzen-neuenheerse.de\/index.php?rest_route=\/wp\/v2\/pages"}],"about":[{"href":"https:\/\/schuetzen-neuenheerse.de\/index.php?rest_route=\/wp\/v2\/types\/page"}],"author":[{"embeddable":true,"href":"https:\/\/schuetzen-neuenheerse.de\/index.php?rest_route=\/wp\/v2\/users\/1"}],"replies":[{"embeddable":true,"href":"https:\/\/schuetzen-neuenheerse.de\/index.php?rest_route=%2Fwp%2Fv2%2Fcomments&post=321"}],"version-history":[{"count":13,"href":"https:\/\/schuetzen-neuenheerse.de\/index.php?rest_route=\/wp\/v2\/pages\/321\/revisions"}],"predecessor-version":[{"id":9317,"href":"https:\/\/schuetzen-neuenheerse.de\/index.php?rest_route=\/wp\/v2\/pages\/321\/revisions\/9317"}],"wp:attachment":[{"href":"https:\/\/schuetzen-neuenheerse.de\/index.php?rest_route=%2Fwp%2Fv2%2Fmedia&parent=321"}],"curies":[{"name":"wp","href":"https:\/\/api.w.org\/{rel}","templated":true}]}}