{"id":319,"date":"2016-12-20T22:10:33","date_gmt":"2016-12-20T21:10:33","guid":{"rendered":"http:\/\/www.schuetzen-neuenheerse.de\/?page_id=319"},"modified":"2025-03-31T15:17:34","modified_gmt":"2025-03-31T13:17:34","slug":"mitgliedschaft","status":"publish","type":"page","link":"https:\/\/schuetzen-neuenheerse.de\/?page_id=319","title":{"rendered":"Downloads"},"content":{"rendered":"<p><a href=\"https:\/\/schuetzen-neuenheerse.de\/wp-content\/uploads\/2025\/03\/Beitrittserklaerung-ab-2025.pdf\">Beitrittserkl\u00e4rung ab 2025<\/a><\/p>\n<p><a href=\"https:\/\/schuetzen-neuenheerse.de\/wp-content\/uploads\/2025\/01\/Einverstaendniserklaerung-\u00a727.pdf\">Einverst\u00e4ndniserkl\u00e4rung Jugendschie\u00dfen<\/a><\/p>\n","protected":false},"excerpt":{"rendered":"<p>Beitrittserkl\u00e4rung ab 2025 Einverst\u00e4ndniserkl\u00e4rung Jugendschie\u00dfen<\/p>\n","protected":false},"author":1,"featured_media":0,"parent":0,"menu_order":0,"comment_status":"closed","ping_status":"closed","template":"","meta":{"footnotes":""},"class_list":["post-319","page","type-page","status-publish","hentry"],"_links":{"self":[{"href":"https:\/\/schuetzen-neuenheerse.de\/index.php?rest_route=\/wp\/v2\/pages\/319","targetHints":{"allow":["GET"]}}],"collection":[{"href":"https:\/\/schuetzen-neuenheerse.de\/index.php?rest_route=\/wp\/v2\/pages"}],"about":[{"href":"https:\/\/schuetzen-neuenheerse.de\/index.php?rest_route=\/wp\/v2\/types\/page"}],"author":[{"embeddable":true,"href":"https:\/\/schuetzen-neuenheerse.de\/index.php?rest_route=\/wp\/v2\/users\/1"}],"replies":[{"embeddable":true,"href":"https:\/\/schuetzen-neuenheerse.de\/index.php?rest_route=%2Fwp%2Fv2%2Fcomments&post=319"}],"version-history":[{"count":5,"href":"https:\/\/schuetzen-neuenheerse.de\/index.php?rest_route=\/wp\/v2\/pages\/319\/revisions"}],"predecessor-version":[{"id":9511,"href":"https:\/\/schuetzen-neuenheerse.de\/index.php?rest_route=\/wp\/v2\/pages\/319\/revisions\/9511"}],"wp:attachment":[{"href":"https:\/\/schuetzen-neuenheerse.de\/index.php?rest_route=%2Fwp%2Fv2%2Fmedia&parent=319"}],"curies":[{"name":"wp","href":"https:\/\/api.w.org\/{rel}","templated":true}]}}