{"id":307,"date":"2016-12-20T22:09:25","date_gmt":"2016-12-20T21:09:25","guid":{"rendered":"http:\/\/www.schuetzen-neuenheerse.de\/?page_id=307"},"modified":"2016-12-20T22:09:25","modified_gmt":"2016-12-20T21:09:25","slug":"uniformboerse","status":"publish","type":"page","link":"https:\/\/schuetzen-neuenheerse.de\/?page_id=307","title":{"rendered":"Uniformb\u00f6rse"},"content":{"rendered":"<p style=\"text-align: justify;\">Die Uniformb\u00f6rse soll eine M\u00f6glichkeit bieten Uniformen und Zubeh\u00f6r zum kleinen Preis zu erwerben.<\/p>\n<p style=\"text-align: justify;\">Habt ihr Fundst\u00fccke von H\u00fcten, Krawatten und Jacken in eurem Bestand, f\u00fcr die ihr keine Verwendung mehr habt, dann sprecht den Oberst Dirk Garbowsky an.<\/p>\n<p style=\"text-align: justify;\"><span style=\"color: #0000ff;\"><strong>Momentan haben wir diverse H\u00fcte und Sch\u00fctzenjacke zum kleinen Preis im Bestand!<\/strong> <\/span><\/p>\n<p><strong><span style=\"color: #0000ff;\">Neue Sch\u00fctzenkrawatten mit Emblem sowie die Lederg\u00fcrtel mit Sch\u00fctzenemblem sind jetzt erh\u00e4ltlich<\/span><\/strong><\/p>\n<p>Bei R\u00fcckfragen bitte den Oberst Dirk Garbowsky kontaktieren!<\/p>\n<p>Telefon 0 52 59\/ 93 17 83<br \/>\nMail: Oberst@schuetzen-neuenheerse.de<\/p>\n","protected":false},"excerpt":{"rendered":"<p>Die Uniformb\u00f6rse soll eine M\u00f6glichkeit bieten Uniformen und Zubeh\u00f6r zum kleinen Preis zu erwerben. Habt ihr Fundst\u00fccke von H\u00fcten, Krawatten und Jacken in eurem Bestand, f\u00fcr die ihr keine Verwendung mehr habt, dann sprecht den Oberst Dirk Garbowsky an. Momentan haben wir diverse H\u00fcte und Sch\u00fctzenjacke zum kleinen Preis im Bestand! Neue Sch\u00fctzenkrawatten mit Emblem &hellip; <a href=\"https:\/\/schuetzen-neuenheerse.de\/?page_id=307\" class=\"more-link\"><span class=\"screen-reader-text\">Uniformb\u00f6rse<\/span> weiterlesen <span class=\"meta-nav\">&rarr;<\/span><\/a><\/p>\n","protected":false},"author":1,"featured_media":0,"parent":0,"menu_order":0,"comment_status":"closed","ping_status":"closed","template":"","meta":{"footnotes":""},"class_list":["post-307","page","type-page","status-publish","hentry"],"_links":{"self":[{"href":"https:\/\/schuetzen-neuenheerse.de\/index.php?rest_route=\/wp\/v2\/pages\/307","targetHints":{"allow":["GET"]}}],"collection":[{"href":"https:\/\/schuetzen-neuenheerse.de\/index.php?rest_route=\/wp\/v2\/pages"}],"about":[{"href":"https:\/\/schuetzen-neuenheerse.de\/index.php?rest_route=\/wp\/v2\/types\/page"}],"author":[{"embeddable":true,"href":"https:\/\/schuetzen-neuenheerse.de\/index.php?rest_route=\/wp\/v2\/users\/1"}],"replies":[{"embeddable":true,"href":"https:\/\/schuetzen-neuenheerse.de\/index.php?rest_route=%2Fwp%2Fv2%2Fcomments&post=307"}],"version-history":[{"count":0,"href":"https:\/\/schuetzen-neuenheerse.de\/index.php?rest_route=\/wp\/v2\/pages\/307\/revisions"}],"wp:attachment":[{"href":"https:\/\/schuetzen-neuenheerse.de\/index.php?rest_route=%2Fwp%2Fv2%2Fmedia&parent=307"}],"curies":[{"name":"wp","href":"https:\/\/api.w.org\/{rel}","templated":true}]}}