{"id":1230,"date":"2017-05-13T12:26:50","date_gmt":"2017-05-13T10:26:50","guid":{"rendered":"http:\/\/www.schuetzen-neuenheerse.de\/?page_id=1230"},"modified":"2025-01-24T12:29:02","modified_gmt":"2025-01-24T11:29:02","slug":"koenig-der-koenige","status":"publish","type":"page","link":"https:\/\/schuetzen-neuenheerse.de\/?page_id=1230","title":{"rendered":"K\u00f6nig der K\u00f6nige"},"content":{"rendered":"<p style=\"text-align: center;\"><strong>2025<\/strong><\/p>\n<p>K\u00f6nig der K\u00f6nige 2025 &#8211; <strong>Lukas Pastoors<\/strong><\/p>\n<p><img loading=\"lazy\" decoding=\"async\" class=\"alignnone wp-image-8876 size-full\" src=\"https:\/\/schuetzen-neuenheerse.de\/wp-content\/uploads\/2025\/01\/Koenig-der-Koenige-2025.jpg\" alt=\"\" width=\"1200\" height=\"1600\" srcset=\"https:\/\/schuetzen-neuenheerse.de\/wp-content\/uploads\/2025\/01\/Koenig-der-Koenige-2025.jpg 1200w, https:\/\/schuetzen-neuenheerse.de\/wp-content\/uploads\/2025\/01\/Koenig-der-Koenige-2025-225x300.jpg 225w, https:\/\/schuetzen-neuenheerse.de\/wp-content\/uploads\/2025\/01\/Koenig-der-Koenige-2025-768x1024.jpg 768w, https:\/\/schuetzen-neuenheerse.de\/wp-content\/uploads\/2025\/01\/Koenig-der-Koenige-2025-1152x1536.jpg 1152w\" sizes=\"auto, (max-width: 1200px) 100vw, 1200px\" \/><\/p>\n<p style=\"text-align: center;\"><strong>2023<\/strong><\/p>\n<p style=\"text-align: center;\"><img loading=\"lazy\" decoding=\"async\" class=\"alignnone wp-image-5916 size-large\" src=\"https:\/\/schuetzen-neuenheerse.de\/wp-content\/uploads\/2016\/12\/Koenig-der-Koenige-JUergen-825x1024.jpg\" alt=\"K\u00f6nig der K\u00f6nige J\u00dcrgen\" width=\"474\" height=\"588\" srcset=\"https:\/\/schuetzen-neuenheerse.de\/wp-content\/uploads\/2016\/12\/Koenig-der-Koenige-JUergen-825x1024.jpg 825w, https:\/\/schuetzen-neuenheerse.de\/wp-content\/uploads\/2016\/12\/Koenig-der-Koenige-JUergen-242x300.jpg 242w, https:\/\/schuetzen-neuenheerse.de\/wp-content\/uploads\/2016\/12\/Koenig-der-Koenige-JUergen-768x953.jpg 768w, https:\/\/schuetzen-neuenheerse.de\/wp-content\/uploads\/2016\/12\/Koenig-der-Koenige-JUergen.jpg 873w\" sizes=\"auto, (max-width: 474px) 100vw, 474px\" \/><\/p>\n<p style=\"text-align: left;\">K\u00f6nig der K\u00f6nige 2023 &#8211; <strong>J\u00fcrgen Brandt<br \/>\n<\/strong><\/p>\n<p style=\"text-align: center;\"><strong>2022<\/strong><\/p>\n<p style=\"text-align: center;\"><img loading=\"lazy\" decoding=\"async\" class=\"alignnone size-large wp-image-5018\" src=\"http:\/\/www.schuetzen-neuenheerse.de\/wp-content\/uploads\/2017\/05\/K\u00f6nig-der-K\u00f6nige-Josef-Arens-2022-768x1024.jpg\" alt=\"K\u00f6nig der K\u00f6nige Josef Arens 2022\" width=\"474\" height=\"632\" \/><\/p>\n<p style=\"text-align: left;\">K\u00f6nig der K\u00f6nige 2022 &#8211; <strong>Josef Arens<\/strong><\/p>\n<p style=\"text-align: center;\">***<\/p>\n<p style=\"text-align: left;\">2021 K\u00f6nig der K\u00f6nige &#8211; <strong>Coronapandemie<\/strong><\/p>\n<p style=\"text-align: center;\">***<\/p>\n<p style=\"text-align: center;\"><strong>2020<\/strong><\/p>\n<p style=\"text-align: center;\"><img loading=\"lazy\" decoding=\"async\" class=\"alignnone wp-image-4136 size-large\" src=\"http:\/\/schuetzenbruderschaft-neuenheerse.de\/wp-content\/uploads\/2017\/05\/Koenig-der-Koenige-2020-768x1024.jpg\" alt=\"K\u00f6nig der K\u00f6nige 2020\" width=\"474\" height=\"632\" srcset=\"https:\/\/schuetzen-neuenheerse.de\/wp-content\/uploads\/2017\/05\/Koenig-der-Koenige-2020-768x1024.jpg 768w, https:\/\/schuetzen-neuenheerse.de\/wp-content\/uploads\/2017\/05\/Koenig-der-Koenige-2020-225x300.jpg 225w, https:\/\/schuetzen-neuenheerse.de\/wp-content\/uploads\/2017\/05\/Koenig-der-Koenige-2020-1152x1536.jpg 1152w, https:\/\/schuetzen-neuenheerse.de\/wp-content\/uploads\/2017\/05\/Koenig-der-Koenige-2020.jpg 1200w\" sizes=\"auto, (max-width: 474px) 100vw, 474px\" \/><\/p>\n<p style=\"text-align: left;\">K\u00f6nig der K\u00f6nige 2020 &#8211; <strong>Johannes Hesse<\/strong><\/p>\n<p style=\"text-align: center;\">***<\/p>\n<p style=\"text-align: center;\"><strong>2019<\/strong><\/p>\n<p style=\"text-align: center;\"><img loading=\"lazy\" decoding=\"async\" class=\"alignnone wp-image-3470 size-full\" src=\"http:\/\/schuetzenbruderschaft-neuenheerse.de\/wp-content\/uploads\/2016\/12\/Koenig-der-Herzen-Martin-Knorrenschild-2019-1.jpg\" alt=\"K\u00f6nig der Herzen Martin Knorrenschild 2019\" width=\"977\" height=\"641\" srcset=\"https:\/\/schuetzen-neuenheerse.de\/wp-content\/uploads\/2016\/12\/Koenig-der-Herzen-Martin-Knorrenschild-2019-1.jpg 977w, https:\/\/schuetzen-neuenheerse.de\/wp-content\/uploads\/2016\/12\/Koenig-der-Herzen-Martin-Knorrenschild-2019-1-300x197.jpg 300w, https:\/\/schuetzen-neuenheerse.de\/wp-content\/uploads\/2016\/12\/Koenig-der-Herzen-Martin-Knorrenschild-2019-1-768x504.jpg 768w\" sizes=\"auto, (max-width: 977px) 100vw, 977px\" \/><\/p>\n<p style=\"text-align: left;\">K\u00f6nig der K\u00f6nige 2019 &#8211; <strong>Martin Knorrenschild<\/strong><\/p>\n<p style=\"text-align: center;\">***<\/p>\n<p style=\"text-align: center;\"><strong>2018<\/strong><\/p>\n<p style=\"text-align: center;\"><img loading=\"lazy\" decoding=\"async\" class=\"alignnone wp-image-2101 size-large\" src=\"http:\/\/schuetzenbruderschaft-neuenheerse.de\/wp-content\/uploads\/2016\/12\/IMG_2009-1-640x1024.jpg\" alt=\"IMG_2009\" width=\"474\" height=\"758\" srcset=\"https:\/\/schuetzen-neuenheerse.de\/wp-content\/uploads\/2016\/12\/IMG_2009-1-640x1024.jpg 640w, https:\/\/schuetzen-neuenheerse.de\/wp-content\/uploads\/2016\/12\/IMG_2009-1-187x300.jpg 187w, https:\/\/schuetzen-neuenheerse.de\/wp-content\/uploads\/2016\/12\/IMG_2009-1-768x1229.jpg 768w, https:\/\/schuetzen-neuenheerse.de\/wp-content\/uploads\/2016\/12\/IMG_2009-1-960x1536.jpg 960w, https:\/\/schuetzen-neuenheerse.de\/wp-content\/uploads\/2016\/12\/IMG_2009-1-1280x2048.jpg 1280w, https:\/\/schuetzen-neuenheerse.de\/wp-content\/uploads\/2016\/12\/IMG_2009-1-1320x2113.jpg 1320w, https:\/\/schuetzen-neuenheerse.de\/wp-content\/uploads\/2016\/12\/IMG_2009-1-scaled.jpg 1600w\" sizes=\"auto, (max-width: 474px) 100vw, 474px\" \/><\/p>\n<p style=\"text-align: justify;\">K\u00f6nig der K\u00f6nige 2018 &#8211; <strong>Josef Arens<\/strong><\/p>\n<p style=\"text-align: center;\">***<\/p>\n<p style=\"text-align: center;\"><strong>2017<\/strong><\/p>\n<p><img loading=\"lazy\" decoding=\"async\" class=\"alignnone wp-image-1443 size-large\" src=\"http:\/\/schuetzenbruderschaft-neuenheerse.de\/wp-content\/uploads\/2017\/05\/Koenig-der-Koenige-Guenther-Pastoors-1024x875.jpg\" alt=\"K\u00f6nig der K\u00f6nige G\u00fcnther Pastoors\" width=\"474\" height=\"405\" srcset=\"https:\/\/schuetzen-neuenheerse.de\/wp-content\/uploads\/2017\/05\/Koenig-der-Koenige-Guenther-Pastoors-1024x875.jpg 1024w, https:\/\/schuetzen-neuenheerse.de\/wp-content\/uploads\/2017\/05\/Koenig-der-Koenige-Guenther-Pastoors-300x256.jpg 300w, https:\/\/schuetzen-neuenheerse.de\/wp-content\/uploads\/2017\/05\/Koenig-der-Koenige-Guenther-Pastoors-768x657.jpg 768w, https:\/\/schuetzen-neuenheerse.de\/wp-content\/uploads\/2017\/05\/Koenig-der-Koenige-Guenther-Pastoors-1536x1313.jpg 1536w, https:\/\/schuetzen-neuenheerse.de\/wp-content\/uploads\/2017\/05\/Koenig-der-Koenige-Guenther-Pastoors-2048x1751.jpg 2048w, https:\/\/schuetzen-neuenheerse.de\/wp-content\/uploads\/2017\/05\/Koenig-der-Koenige-Guenther-Pastoors-1320x1128.jpg 1320w\" sizes=\"auto, (max-width: 474px) 100vw, 474px\" \/><\/p>\n<p>K\u00f6nig der K\u00f6nige 2017 &#8211; <strong>G\u00fcnther Pastoors<\/strong><\/p>\n<p style=\"text-align: center;\">***<\/p>\n<p>K\u00f6nig der K\u00f6nige 2016\u00a0 &#8211; <strong>David Koisiak<\/strong><\/p>\n<p style=\"text-align: center;\">***<\/p>\n<p>K\u00f6nig der K\u00f6nige 2015 &#8211; <strong>G\u00fcnther Pastoors<\/strong><\/p>\n<p style=\"text-align: center;\">***<\/p>\n<p>K\u00f6nig der K\u00f6nige 2014 &#8211; <em>kein Schie\u00dfen, die Bruderschaft hatte 2013 keinen Sch\u00fctzenk\u00f6nig<\/em><\/p>\n<p style=\"text-align: center;\">***<\/p>\n<p>K\u00f6nig der K\u00f6nige 2013 &#8211; <strong>Andreas Struck<\/strong><\/p>\n<p style=\"text-align: center;\">***<\/p>\n<p>K\u00f6nig der K\u00f6nige 2012 &#8211; <strong>Martin Knorrenschild<\/strong><\/p>\n<p style=\"text-align: center;\">***<\/p>\n<p>K\u00f6nig der K\u00f6nige 2011 &#8211; <strong>Gerhard Berendes<\/strong><\/p>\n<p style=\"text-align: center;\">***<\/p>\n<p>K\u00f6ng der K\u00f6nige 2010\u00a0 &#8211; <strong>Andreas Struck<\/strong><\/p>\n<p style=\"text-align: center;\">***<\/p>\n<p>K\u00f6nig der K\u00f6nige 2009 &#8211; <strong>Martin Knorrenschild<\/strong><\/p>\n<p style=\"text-align: center;\">***<\/p>\n<p><span style=\"border-radius: 2px; text-indent: 20px; width: auto; padding: 0px 4px 0px 0px; text-align: center; font: bold 11px\/20px 'Helvetica Neue',Helvetica,sans-serif; color: #ffffff; background: #bd081c no-repeat scroll 3px 50% \/ 14px 14px; position: absolute; opacity: 1; z-index: 8675309; display: none; cursor: pointer; top: 68px; left: 20px;\">Merken<\/span><\/p>\n","protected":false},"excerpt":{"rendered":"<p>2025 K\u00f6nig der K\u00f6nige 2025 &#8211; Lukas Pastoors 2023 K\u00f6nig der K\u00f6nige 2023 &#8211; J\u00fcrgen Brandt 2022 K\u00f6nig der K\u00f6nige 2022 &#8211; Josef Arens *** 2021 K\u00f6nig der K\u00f6nige &#8211; Coronapandemie *** 2020 K\u00f6nig der K\u00f6nige 2020 &#8211; Johannes Hesse *** 2019 K\u00f6nig der K\u00f6nige 2019 &#8211; Martin Knorrenschild *** 2018 K\u00f6nig der K\u00f6nige 2018 &hellip; <a href=\"https:\/\/schuetzen-neuenheerse.de\/?page_id=1230\" class=\"more-link\"><span class=\"screen-reader-text\">K\u00f6nig der K\u00f6nige<\/span> weiterlesen <span class=\"meta-nav\">&rarr;<\/span><\/a><\/p>\n","protected":false},"author":1,"featured_media":0,"parent":0,"menu_order":0,"comment_status":"closed","ping_status":"closed","template":"","meta":{"footnotes":""},"class_list":["post-1230","page","type-page","status-publish","hentry"],"_links":{"self":[{"href":"https:\/\/schuetzen-neuenheerse.de\/index.php?rest_route=\/wp\/v2\/pages\/1230","targetHints":{"allow":["GET"]}}],"collection":[{"href":"https:\/\/schuetzen-neuenheerse.de\/index.php?rest_route=\/wp\/v2\/pages"}],"about":[{"href":"https:\/\/schuetzen-neuenheerse.de\/index.php?rest_route=\/wp\/v2\/types\/page"}],"author":[{"embeddable":true,"href":"https:\/\/schuetzen-neuenheerse.de\/index.php?rest_route=\/wp\/v2\/users\/1"}],"replies":[{"embeddable":true,"href":"https:\/\/schuetzen-neuenheerse.de\/index.php?rest_route=%2Fwp%2Fv2%2Fcomments&post=1230"}],"version-history":[{"count":4,"href":"https:\/\/schuetzen-neuenheerse.de\/index.php?rest_route=\/wp\/v2\/pages\/1230\/revisions"}],"predecessor-version":[{"id":8880,"href":"https:\/\/schuetzen-neuenheerse.de\/index.php?rest_route=\/wp\/v2\/pages\/1230\/revisions\/8880"}],"wp:attachment":[{"href":"https:\/\/schuetzen-neuenheerse.de\/index.php?rest_route=%2Fwp%2Fv2%2Fmedia&parent=1230"}],"curies":[{"name":"wp","href":"https:\/\/api.w.org\/{rel}","templated":true}]}}